{"id":111,"date":"2021-03-13T10:12:18","date_gmt":"2021-03-13T10:12:18","guid":{"rendered":"https:\/\/www.gihemar.com\/web3\/?page_id=111"},"modified":"2023-03-13T12:14:18","modified_gmt":"2023-03-13T12:14:18","slug":"alaminos","status":"publish","type":"page","link":"https:\/\/www.gihemar.com\/web3\/index.php\/alaminos\/","title":{"rendered":"Alaminos"},"content":{"rendered":"\n<p><strong>\u00b7 T\u00e9cnico:<\/strong> \u00c1ngel Cano Sanz &#8211; <a href=\"mailto:acano@gihemar.com\">acano@gihemar.com<\/a> <\/p>\n\n\n\n<p><\/p>\n\n\n\n<p><\/p>\n\n\n\n<p><strong>\u00b7Promotor:<\/strong> Asociaci\u00f3n local de agricultores, ganaderos y propietarios de fincas r\u00fasticas de Alaminos.<\/p>\n\n\n\n<p><\/p>\n\n\n\n<h2 class=\"wp-block-heading\" style=\"font-size:18px\"><strong><em>PLANOS DEL AMOJONAMIENTO DE ALAMINOS.<\/em><\/strong><\/h2>\n\n\n\n<p><a href=\"http:\/\/gihemar.com\/pdf\/concentracion\/alaminos\/AP-101.pdf\">Pol\u00edgono 101<\/a>, <a href=\"http:\/\/gihemar.com\/pdf\/concentracion\/alaminos\/AP-102.pdf\">Pol\u00edgono 102<\/a>, <a href=\"http:\/\/gihemar.com\/pdf\/concentracion\/alaminos\/AP-103.pdf\">Pol\u00edgono 103<\/a>, <a href=\"http:\/\/gihemar.com\/pdf\/concentracion\/alaminos\/APA\u00d1OLETA.pdf\">General.<\/a><\/p>\n\n\n\n<p><\/p>\n\n\n\n<p><\/p>\n\n\n\n<ul class=\"wp-block-list\">\n<li><strong>ACUERDO DE CONCENTRACI\u00d3N<\/strong><\/li>\n<\/ul>\n\n\n\n<p><strong>Planos:<\/strong><\/p>\n\n\n\n<p> <a href=\"http:\/\/gihemar.com\/pdf\/concentracion\/alaminos\/P_101\">POL\u00cdGONO 101<\/a> , <a href=\"http:\/\/gihemar.com\/pdf\/concentracion\/alaminos\/P_102\">POL\u00cdGONO 102<\/a> , <a href=\"http:\/\/gihemar.com\/pdf\/concentracion\/alaminos\/P_103\">POL\u00cdGONO 103<\/a> ,<\/p>\n\n\n\n<p>RESOLUCI\u00d3N APROBATORIA: <a href=\"http:\/\/gihemar.com\/pdf\/concentracion\/ALAMINOS\/ACUERDO\/docm\"><strong>25 -NOVIEMBRE &#8211; 2010<\/strong><\/a> de la Direcci\u00f3n General de Mejora de Explotaciones Agrarias..<\/p>\n\n\n\n<p>&#8211; PUBLICACI\u00d3N RESOLUCI\u00d3N: <strong>13 de Diciembre del 2010<\/strong>. D.O.C.M N\u00ba 238<\/p>\n\n\n\n<p><\/p>\n\n\n\n<p><\/p>\n\n\n\n<p>Los pasos seguidos hasta alcanzar el Acuerdo de concentraci\u00f3n son los siguientes:<\/p>\n\n\n\n<p><strong>\u00b7<\/strong> Presentaci\u00f3n de la Solicitud: <strong><em>25 &#8211; febrero &#8211; 2005<\/em><\/strong><\/p>\n\n\n\n<p><strong>\u00b7<\/strong> Resoluci\u00f3n Aprobatoria: <strong><em>20 &#8211; septiembre &#8211; 200<\/em><\/strong>5 por la Direcci\u00f3n General de Producci\u00f3n Agropecuaria<\/p>\n\n\n\n<p>\u00b7 Publicaci\u00f3n Resoluci\u00f3n: <strong><em>6 &#8211; octubre &#8211; 2005,<\/em><\/strong> <a href=\"http:\/\/gihemar.com\/pdf\/concentracion\/ALAMINOS\/DOCM.pdf\">D.O.C.M. n\u00ba 200<\/a><\/p>\n\n\n\n<p>&#8211; PRESENTACI\u00d3N DE LAS BASES: <strong><em>28-Noviembre-2007<\/em><\/strong><\/p>\n\n\n\n<p>&#8211; RESOLUCI\u00d3N APROBATORIA: <strong><em>16-Abril-2008<\/em><\/strong><\/p>\n\n\n\n<p>&#8211; PUBLICACI\u00d3N RESOLUCI\u00d3N: <em><strong>29-Abril-2008 <a href=\"http:\/\/gihemar.com\/pdf\/concentracion\/ALAMINOS\/bases_aprobadas\">D.O.C.M N\u00ba88-Fasc.I<\/a><\/strong><\/em><\/p>\n\n\n\n<p><\/p>\n\n\n\n<p><br><strong>\u00b7 Planos: <a href=\"http:\/\/gihemar.com\/web3\/pdf\/concentracion\/ALAMINOS\/POL10\">P10<\/a> , <a href=\"http:\/\/gihemar.com\/pdf\/concentracion\/ALAMINOS\/POL501\">P501<\/a> , <a href=\"http:\/\/gihemar.com\/pdf\/concentracion\/ALAMINOS\/POL508\">P508<\/a> , <a href=\"http:\/\/gihemar.com\/pdf\/concentracion\/ALAMINOS\/GENERAL\">GENERAL<\/a><\/strong><\/p>\n","protected":false},"excerpt":{"rendered":"<p>\u00b7 T\u00e9cnico: \u00c1ngel Cano Sanz &#8211; acano@gihemar.com \u00b7Promotor: Asociaci\u00f3n local de agricultores, ganaderos y propietarios de fincas r\u00fasticas de Alaminos. PLANOS DEL AMOJONAMIENTO DE ALAMINOS. Pol\u00edgono 101, Pol\u00edgono 102, Pol\u00edgono 103, General. Planos: POL\u00cdGONO 101 , POL\u00cdGONO 102 , POL\u00cdGONO 103 , RESOLUCI\u00d3N APROBATORIA: 25 -NOVIEMBRE &#8211; 2010 de la Direcci\u00f3n General de Mejora de [&hellip;]<\/p>\n","protected":false},"author":2,"featured_media":0,"parent":0,"menu_order":0,"comment_status":"closed","ping_status":"closed","template":"","meta":{"footnotes":""},"class_list":["post-111","page","type-page","status-publish","hentry"],"_links":{"self":[{"href":"https:\/\/www.gihemar.com\/web3\/index.php\/wp-json\/wp\/v2\/pages\/111","targetHints":{"allow":["GET"]}}],"collection":[{"href":"https:\/\/www.gihemar.com\/web3\/index.php\/wp-json\/wp\/v2\/pages"}],"about":[{"href":"https:\/\/www.gihemar.com\/web3\/index.php\/wp-json\/wp\/v2\/types\/page"}],"author":[{"embeddable":true,"href":"https:\/\/www.gihemar.com\/web3\/index.php\/wp-json\/wp\/v2\/users\/2"}],"replies":[{"embeddable":true,"href":"https:\/\/www.gihemar.com\/web3\/index.php\/wp-json\/wp\/v2\/comments?post=111"}],"version-history":[{"count":16,"href":"https:\/\/www.gihemar.com\/web3\/index.php\/wp-json\/wp\/v2\/pages\/111\/revisions"}],"predecessor-version":[{"id":705,"href":"https:\/\/www.gihemar.com\/web3\/index.php\/wp-json\/wp\/v2\/pages\/111\/revisions\/705"}],"wp:attachment":[{"href":"https:\/\/www.gihemar.com\/web3\/index.php\/wp-json\/wp\/v2\/media?parent=111"}],"curies":[{"name":"wp","href":"https:\/\/api.w.org\/{rel}","templated":true}]}}