{"id":121,"date":"2021-03-13T10:13:12","date_gmt":"2021-03-13T10:13:12","guid":{"rendered":"https:\/\/www.gihemar.com\/web3\/?page_id=121"},"modified":"2021-03-15T13:43:46","modified_gmt":"2021-03-15T13:43:46","slug":"los-condemios","status":"publish","type":"page","link":"https:\/\/www.gihemar.com\/web3\/index.php\/los-condemios\/","title":{"rendered":"Los Condemios"},"content":{"rendered":"\n<h1 class=\"wp-block-heading\">Los Condemios<\/h1>\n\n\n\n<p><strong>\u00b7 <\/strong><strong>Promotor:<\/strong> Asociaci\u00f3n Los Condemios<\/p>\n\n\n\n<figure class=\"wp-block-image\"><img decoding=\"async\" src=\"..\/www-new\/pdf\/concentracion\/CONDEMIOS\/imagencondemios.jpg\" alt=\" \"\/><\/figure>\n\n\n\n<p>\u00b7<strong>T\u00e9cnico: <\/strong>\u00c1ngel Cano Sanz &#8211; <a href=\"mailto:acano@gihemar.com\">acano@gihemar.com<\/a><\/p>\n\n\n\n<p><strong>\u00b7 <\/strong><strong>Promotor:<\/strong> Asociaci\u00f3n Los Condemios\u00b7 Presentaci\u00f3n de la Solicitud: <em><strong>27 &#8211; febrero &#8211; 2004<\/strong><\/em><\/p>\n\n\n\n<p>\u00b7 Resoluci\u00f3n Aprobatoria: <strong><em>5 &#8211; agosto &#8211; 2004<\/em><\/strong> por la Direcci\u00f3n General de Producci\u00f3n Agropecuaria<\/p>\n\n\n\n<p>\u00b7Autorizaci\u00f3n: Publicaci\u00f3n Resoluci\u00f3n: <strong><em>30 &#8211; agosto &#8211; 2004<\/em><\/strong>,&nbsp; <a href=\"http:\/\/gihemar.com\/pdf\/concentracion\/CONDEMIOS\/docm158.pdf\">D.O.C.M. n\u00ba 158<\/a><\/p>\n\n\n\n<p><strong>ACUERDO DE CONCENTRACI\u00d3N<\/strong><\/p>\n\n\n\n<p><strong>Planos:<\/strong><\/p>\n\n\n\n<p><a href=\"http:\/\/gihemar.com\/pdf\/concentracion\/CONDEMIOS\/ACUERDO\/GENERAL_5000\">PLANO GENERAL,<\/a> <a href=\"http:\/\/gihemar.com\/pdf\/concentracion\/CONDEMIOS\/ACUERDO\/P_101\">POL\u00cdGONO 101<\/a> , <a href=\"http:\/\/gihemar.com\/pdf\/concentracion\/CONDEMIOS\/ACUERDO\/P_102\">POL\u00cdGONO 102<\/a> , <a href=\"http:\/\/gihemar.com\/pdf\/concentracion\/CONDEMIOS\/ACUERDO\/P_103\">POL\u00cdGONO 103<\/a> , <a href=\"http:\/\/gihemar.com\/pdf\/concentracion\/CONDEMIOS\/ACUERDO\/P_104\">POL\u00cdGONO 104<\/a> , <a href=\"http:\/\/gihemar.com\/pdf\/concentracion\/CONDEMIOS\/ACUERDO\/P_105\">POL\u00cdGONO 105<\/a> , <a href=\"http:\/\/gihemar.com\/pdf\/concentracion\/CONDEMIOS\/ACUERDO\/POL_106\">POL\u00cdGONO 106<\/a> , <a href=\"http:\/\/gihemar.com\/pdf\/concentracion\/CONDEMIOS\/ACUERDO\/P_107\">POL\u00cdGONO 107<\/a> .<\/p>\n\n\n\n<p>&#8211; RESOLUCI\u00d3N APROBATORIA: <strong>13 &#8211; OCTUBRE- 2009<\/strong> de la Direcci\u00f3n General de Desarrollo Rural.<\/p>\n\n\n\n<p>&#8211; PUBLICACI\u00d3N RESOLUCI\u00d3N: <strong>27 de Octubre del 2009<\/strong>. <a href=\"http:\/\/gihemar.com\/pdf\/concentracion\/CONDEMIOS\/ACUERDO\/RESOLUCION_APROBACION_ACUERDO\">D.O.C.M N\u00ba 209<\/a><\/p>\n\n\n\n<ul class=\"wp-block-list\"><li><\/li><\/ul>\n","protected":false},"excerpt":{"rendered":"<p>Los Condemios \u00b7 Promotor: Asociaci\u00f3n Los Condemios \u00b7T\u00e9cnico: \u00c1ngel Cano Sanz &#8211; acano@gihemar.com \u00b7 Promotor: Asociaci\u00f3n Los Condemios\u00b7 Presentaci\u00f3n de la Solicitud: 27 &#8211; febrero &#8211; 2004 \u00b7 Resoluci\u00f3n Aprobatoria: 5 &#8211; agosto &#8211; 2004 por la Direcci\u00f3n General de Producci\u00f3n Agropecuaria \u00b7Autorizaci\u00f3n: Publicaci\u00f3n Resoluci\u00f3n: 30 &#8211; agosto &#8211; 2004,&nbsp; D.O.C.M. n\u00ba 158 ACUERDO DE [&hellip;]<\/p>\n","protected":false},"author":2,"featured_media":0,"parent":0,"menu_order":0,"comment_status":"closed","ping_status":"closed","template":"","meta":{"footnotes":""},"class_list":["post-121","page","type-page","status-publish","hentry"],"_links":{"self":[{"href":"https:\/\/www.gihemar.com\/web3\/index.php\/wp-json\/wp\/v2\/pages\/121","targetHints":{"allow":["GET"]}}],"collection":[{"href":"https:\/\/www.gihemar.com\/web3\/index.php\/wp-json\/wp\/v2\/pages"}],"about":[{"href":"https:\/\/www.gihemar.com\/web3\/index.php\/wp-json\/wp\/v2\/types\/page"}],"author":[{"embeddable":true,"href":"https:\/\/www.gihemar.com\/web3\/index.php\/wp-json\/wp\/v2\/users\/2"}],"replies":[{"embeddable":true,"href":"https:\/\/www.gihemar.com\/web3\/index.php\/wp-json\/wp\/v2\/comments?post=121"}],"version-history":[{"count":2,"href":"https:\/\/www.gihemar.com\/web3\/index.php\/wp-json\/wp\/v2\/pages\/121\/revisions"}],"predecessor-version":[{"id":296,"href":"https:\/\/www.gihemar.com\/web3\/index.php\/wp-json\/wp\/v2\/pages\/121\/revisions\/296"}],"wp:attachment":[{"href":"https:\/\/www.gihemar.com\/web3\/index.php\/wp-json\/wp\/v2\/media?parent=121"}],"curies":[{"name":"wp","href":"https:\/\/api.w.org\/{rel}","templated":true}]}}