{"id":125,"date":"2021-03-13T10:13:33","date_gmt":"2021-03-13T10:13:33","guid":{"rendered":"https:\/\/www.gihemar.com\/web3\/?page_id=125"},"modified":"2021-04-07T08:02:51","modified_gmt":"2021-04-07T08:02:51","slug":"esplegares","status":"publish","type":"page","link":"https:\/\/www.gihemar.com\/web3\/index.php\/esplegares\/","title":{"rendered":"Esplegares"},"content":{"rendered":"\n<p>Esplegares<img loading=\"lazy\" decoding=\"async\" alt=\" \" src=\"..\/www-new\/pdf\/concentracion\/ESPLEGARES\/foto.jpg\" width=\"120\" height=\"160\"><\/p>\n\n\n\n<h2 class=\"wp-block-heading\"><img decoding=\"async\" alt=\" \" src=\"c:%5CEVA%20HENCHE%5CCONDEMIOS%5CIMAGENESMONASTERIO-CONDEMIOS%5CIMAGENESEVA%20056.jpg\"><\/h2>\n\n\n\n<p><strong>\u00b7 T\u00e9cnico:<\/strong><\/p>\n\n\n\n<p>\u00c1ngel Cano Sanz &#8211; <a href=\"mailto:acano@gihemar.com\">acano@gihemar.com<\/a> <\/p>\n\n\n\n<p>&nbsp;Rebeca Piquero Rodr\u00edguez &#8211; <a href=\"http:\/\/mce_host\/web1\/mail%20to:%20rebeca@gihemar.com\">rebeca@gihemar.com<\/a><\/p>\n\n\n\n<p><strong>\u00b7 <\/strong><strong>Promotor:<\/strong> Asociaci\u00f3n local de Agricultores, Ganaderos y Propietarios de Tierras de Esplegares\u00b7 Presentaci\u00f3n de la Solicitud: <strong><em>29 &#8211; enero &#8211; 2004<\/em><\/strong><\/p>\n\n\n\n<p>\u00b7 Resoluci\u00f3n Aprobatoria: <strong><em>5 &#8211; agosto &#8211; 2005<\/em><\/strong> por la Direcci\u00f3n General de Producci\u00f3n Agropecuaria<\/p>\n\n\n\n<p>\u00b7 Publicaci\u00f3n Resoluci\u00f3n:<em><strong> 30 &#8211; agosto &#8211; 2004<\/strong><\/em>,\u00a0 <a href=\"https:\/\/www.gihemar.com\/pdf\/concentracion\/ESPLEGARES\/docm158.pdf\">D.O.C.M. n\u00ba 158<\/a><\/p>\n\n\n\n<p>A CONTINUACI\u00d3N PUEDEN CONSULTAR LOS <strong>PLANOS<\/strong>, &nbsp;Y LA <strong>RESOLUCI\u00d3N<\/strong> POR LA QUE SE APRUEBA EL <strong>ACUERDO DE CONCENTRACI\u00d3N PARCELARIA DE CAR\u00c1CTER PRIVADO DE LA ZONA DE ESPLEGARES (GUADALAJARA)<\/strong>.<\/p>\n\n\n\n<ul class=\"wp-block-list\"><li><strong>ACUERDO DE CONCENTRACI\u00d3N -PLANOS DEFINITIVOS-<\/strong><\/li><\/ul>\n\n\n\n<p><strong>Planos:<\/strong><\/p>\n\n\n\n<p><strong><a href=\"https:\/\/www.gihemar.com\/pdf\/concentracion\/ESPLEGARES\/ACUERDO\/GENERAL.pdf\">PLANO GENERAL,<\/a> <a href=\"https:\/\/www.gihemar.com\/pdf\/concentracion\/ESPLEGARES\/ACUERDO\/POLIG_101_AC.pdf\">POL\u00cdGONO 101<\/a> ,\u00a0\u00a0\u00a0 <a href=\"https:\/\/www.gihemar.com\/pdf\/concentracion\/ESPLEGARES\/ACUERDO\/POLIG_102_AC.pdf\">POL\u00cdGONO 102<\/a> ,\u00a0\u00a0 <a href=\"https:\/\/www.gihemar.com\/pdf\/concentracion\/ESPLEGARES\/ACUERDO\/POLIG_103_AC.pdf\">POL\u00cdGONO 103<\/a> ,\u00a0 \u00a0 <a href=\"https:\/\/www.gihemar.com\/pdf\/concentracion\/ESPLEGARES\/ACUERDO\/POLIG_104_AC.pdf\">POL\u00cdGONO 104<\/a> , \u00a0\u00a0 <a href=\"https:\/\/www.gihemar.com\/pdf\/concentracion\/ESPLEGARES\/ACUERDO\/POLIG_105_AC.pdf\">POL\u00cdGONO 105<\/a> , <a href=\"https:\/\/www.gihemar.com\/pdf\/concentracion\/ESPLEGARES\/ACUERDO\/POLIG_106_AC.pdf\">POL\u00cdGONO 106<\/a>, <a href=\"https:\/\/www.gihemar.com\/pdf\/concentracion\/ESPLEGARES\/ACUERDO\/POLIG_107_AC.pdf\">POL\u00cdGONO 107,<\/a><\/strong>  <\/p>\n\n\n\n<p><strong><a href=\"https:\/\/www.gihemar.com\/pdf\/concentracion\/ESPLEGARES\/ACUERDO\/POLIG_108_AC.pdf\">POL\u00cdGONO 108<\/a><a href=\"..\/pdf\/concentracion\/ESPLEGARES\/ACUERDO\/POLIG_108_AC_FP.pdf\">,<\/a>    <a href=\"https:\/\/www.gihemar.com\/pdf\/concentracion\/ESPLEGARES\/ACUERDO\/POLIG_109_AC.pdf\">POL\u00cdGONO 109<\/a>,      <a href=\"https:\/\/www.gihemar.com\/pdf\/concentracion\/ESPLEGARES\/ACUERDO\/POLIG_110_AC.pdf\"> POL\u00cdGONO 110<\/a>,      <a href=\"https:\/\/www.gihemar.com\/pdf\/concentracion\/ESPLEGARES\/ACUERDO\/POLIG_112_AC.pdf\">POL\u00cdGONO 112<\/a>,      <a href=\"https:\/\/www.gihemar.com\/pdf\/concentracion\/ESPLEGARES\/ACUERDO\/POLIG_113_AC.pdf\">POL\u00cdGONO 113<\/a>.<\/strong><\/p>\n\n\n\n<p><strong>Planos con fondo parcelario:<\/strong><\/p>\n\n\n\n<p><strong><a href=\"https:\/\/www.gihemar.com\/pdf\/concentracion\/ESPLEGARES\/ACUERDO\/POLIG_101_AC.pdf\">POL\u00cdGONO 101<\/a> ,\u00a0\u00a0\u00a0 <a href=\"https:\/\/www.gihemar.com\/pdf\/concentracion\/ESPLEGARES\/ACUERDO\/POLIG_102_AC.pdf\">POL\u00cdGONO 102<\/a> ,\u00a0\u00a0 <a href=\"https:\/\/www.gihemar.com\/pdf\/concentracion\/ESPLEGARES\/ACUERDO\/POLIG_103_AC_FP.pdf\">POL\u00cdGONO 103<\/a> ,\u00a0 \u00a0 <a href=\"https:\/\/www.gihemar.com\/pdf\/concentracion\/ESPLEGARES\/ACUERDO\/POLIG_104_AC_FP.pdf\">POL\u00cdGONO 104<\/a> , \u00a0\u00a0 <a href=\"https:\/\/www.gihemar.com\/pdf\/concentracion\/ESPLEGARES\/ACUERDO\/POLIG_105_AC_FP.pdf\">POL\u00cdGONO 105<\/a> , <a href=\"https:\/\/www.gihemar.com\/pdf\/concentracion\/ESPLEGARES\/ACUERDO\/POLIG_106_AC_FP.pdf\">POL\u00cdGONO 106<\/a>, <a href=\"https:\/\/www.gihemar.com\/pdf\/concentracion\/ESPLEGARES\/ACUERDO\/POLIG_107_AC_FP.pdf\">POL\u00cdGONO 107,<\/a><\/strong><\/p>\n\n\n\n<p><strong><a href=\"https:\/\/www.gihemar.com\/pdf\/concentracion\/ESPLEGARES\/ACUERDO\/POLIG_108_AC_FP.pdf\">POL\u00cdGONO 108<\/a><a href=\"https:\/\/www.gihemar.com\/web3\/pdf\/concentracion\/ESPLEGARES\/ACUERDO\/POLIG_108_AC_FP.pdf\">,<\/a> <a href=\"https:\/\/www.gihemar.com\/pdf\/concentracion\/ESPLEGARES\/ACUERDO\/POLIG_109_AC_FP.pdf\">POL\u00cdGONO 109<\/a>, <a href=\"https:\/\/www.gihemar.com\/pdf\/concentracion\/ESPLEGARES\/ACUERDO\/POLIG_110_AC_FP.pdf\">POL\u00cdGONO 110<\/a>, <a href=\"https:\/\/www.gihemar.com\/pdf\/concentracion\/ESPLEGARES\/ACUERDO\/POLIG_112_AC_FP.pdf\">POL\u00cdGONO 112<\/a>, <a href=\"https:\/\/www.gihemar.com\/pdf\/concentracion\/ESPLEGARES\/ACUERDO\/POLIG_113_AC_FP.pdf\">POL\u00cdGONO 113<\/a>.<\/strong><\/p>\n\n\n\n<p><strong>Planos de amojonamiento:<\/strong><\/p>\n\n\n\n<p><a href=\"https:\/\/www.gihemar.com\/pdf\/concentracion\/ESPLEGARES\/ACUERDO\/GENERAL_AMOJ.pdf\">PLANO GENERAL<\/a><a href=\"..\/pdf\/concentracion\/ESPLEGARES\/ACUERDO\/GENERAL_AMOJ.pdf\">,<\/a><a href=\"https:\/\/www.gihemar.com\/pdf\/concentracion\/ESPLEGARES\/ACUERDO\/POLIG_101_AMOJ.pdf\"> POL\u00cdGONO 101<\/a> ,\u00a0<strong>\u00a0 <a href=\"https:\/\/www.gihemar.com\/pdf\/concentracion\/ESPLEGARES\/ACUERDO\/POLIG_102_AMOJ.pdf\">POL\u00cdGONO 102<\/a> ,\u00a0\u00a0 <a href=\"https:\/\/www.gihemar.com\/pdf\/concentracion\/ESPLEGARES\/ACUERDO\/POLIG_103_AMOJ.pdf\">POL\u00cdGONO 103<\/a> ,\u00a0 \u00a0 <a href=\"https:\/\/www.gihemar.com\/pdf\/concentracion\/ESPLEGARES\/ACUERDO\/POLIG_104_AMOJ.pdf\">POL\u00cdGONO 104<\/a> , \u00a0\u00a0 <a href=\"https:\/\/www.gihemar.com\/pdf\/concentracion\/ESPLEGARES\/ACUERDO\/POLIG_105_AMOJ.pdf\">POL\u00cdGONO 105 <\/a>, <a href=\"https:\/\/www.gihemar.com\/pdf\/concentracion\/ESPLEGARES\/ACUERDO\/POLIG_106_AMOJ.pdf\">POL\u00cdGONO 106<\/a>, <a href=\"https:\/\/www.gihemar.com\/pdf\/concentracion\/ESPLEGARES\/ACUERDO\/POLIG_107_AMOJ.pdf\">POL\u00cdGONO 107<\/a><a href=\"..\/pdf\/concentracion\/ESPLEGARES\/ACUERDO\/POLIG_107_AMOJ.pdf\">,<\/a><\/strong><\/p>\n\n\n\n<p><strong><a href=\"https:\/\/www.gihemar.com\/pdf\/concentracion\/ESPLEGARES\/ACUERDO\/POLIG_108_AMOJ.pdf\">POL\u00cdGONO 108<\/a><a href=\"..\/pdf\/concentracion\/ESPLEGARES\/ACUERDO\/POLIG_108_AMOJ.pdf\">,<\/a><a href=\"https:\/\/www.gihemar.com\/pdf\/concentracion\/ESPLEGARES\/ACUERDO\/POLIG_108_AMOJ.pdf\"> POL\u00cdGONO 109<\/a><a href=\"..\/pdf\/concentracion\/ESPLEGARES\/ACUERDO\/POLIG_109_AMOJ.pdf\">,<\/a><a href=\"https:\/\/www.gihemar.com\/pdf\/concentracion\/ESPLEGARES\/ACUERDO\/POLIG_109_AMOJ.pdf\"> POL\u00cdGONO 110<\/a><a href=\"..\/pdf\/concentracion\/ESPLEGARES\/ACUERDO\/POLIG_110_AMOJ.pdf\">,<\/a><a href=\"https:\/\/www.gihemar.com\/pdf\/concentracion\/ESPLEGARES\/ACUERDO\/POLIG_110_AMOJ.pdf\"> POL\u00cdGONO 112<\/a><a href=\"..\/pdf\/concentracion\/ESPLEGARES\/ACUERDO\/POLIG_112_AMOJ.pdf\">, <\/a><a href=\"https:\/\/www.gihemar.com\/pdf\/concentracion\/ESPLEGARES\/ACUERDO\/POLIG_113_AMOJ.pdf\">POL\u00cdGONO 113.<\/a><\/strong><\/p>\n\n\n\n<p>RESOLUCI\u00d3N APROBATORIA ACUERDO DE CONCENTRACI\u00d3N: <strong>19&nbsp; de Marzo del 2013<\/strong> de la Direcci\u00f3n General de Mejora de Explotaciones Agrarias..<\/p>\n\n\n\n<p>&#8211; PUBLICACI\u00d3N RESOLUCI\u00d3N: <a href=\"https:\/\/www.gihemar.com\/pdf\/concentracion\/ESPLEGARES\/ACUERDO\/acuerdo_esplegares_docm\"><strong>05 de Abril del 2013<\/strong>. D.O.C.M N\u00ba 66<\/a><\/p>\n","protected":false},"excerpt":{"rendered":"<p>Esplegares \u00b7 T\u00e9cnico: \u00c1ngel Cano Sanz &#8211; acano@gihemar.com &nbsp;Rebeca Piquero Rodr\u00edguez &#8211; rebeca@gihemar.com \u00b7 Promotor: Asociaci\u00f3n local de Agricultores, Ganaderos y Propietarios de Tierras de Esplegares\u00b7 Presentaci\u00f3n de la Solicitud: 29 &#8211; enero &#8211; 2004 \u00b7 Resoluci\u00f3n Aprobatoria: 5 &#8211; agosto &#8211; 2005 por la Direcci\u00f3n General de Producci\u00f3n Agropecuaria \u00b7 Publicaci\u00f3n Resoluci\u00f3n: 30 &#8211; [&hellip;]<\/p>\n","protected":false},"author":2,"featured_media":0,"parent":0,"menu_order":0,"comment_status":"closed","ping_status":"closed","template":"","meta":{"footnotes":""},"class_list":["post-125","page","type-page","status-publish","hentry"],"_links":{"self":[{"href":"https:\/\/www.gihemar.com\/web3\/index.php\/wp-json\/wp\/v2\/pages\/125","targetHints":{"allow":["GET"]}}],"collection":[{"href":"https:\/\/www.gihemar.com\/web3\/index.php\/wp-json\/wp\/v2\/pages"}],"about":[{"href":"https:\/\/www.gihemar.com\/web3\/index.php\/wp-json\/wp\/v2\/types\/page"}],"author":[{"embeddable":true,"href":"https:\/\/www.gihemar.com\/web3\/index.php\/wp-json\/wp\/v2\/users\/2"}],"replies":[{"embeddable":true,"href":"https:\/\/www.gihemar.com\/web3\/index.php\/wp-json\/wp\/v2\/comments?post=125"}],"version-history":[{"count":10,"href":"https:\/\/www.gihemar.com\/web3\/index.php\/wp-json\/wp\/v2\/pages\/125\/revisions"}],"predecessor-version":[{"id":395,"href":"https:\/\/www.gihemar.com\/web3\/index.php\/wp-json\/wp\/v2\/pages\/125\/revisions\/395"}],"wp:attachment":[{"href":"https:\/\/www.gihemar.com\/web3\/index.php\/wp-json\/wp\/v2\/media?parent=125"}],"curies":[{"name":"wp","href":"https:\/\/api.w.org\/{rel}","templated":true}]}}