{"id":127,"date":"2021-03-13T10:13:44","date_gmt":"2021-03-13T10:13:44","guid":{"rendered":"https:\/\/www.gihemar.com\/web3\/?page_id=127"},"modified":"2021-03-15T13:31:50","modified_gmt":"2021-03-15T13:31:50","slug":"galve-de-sorbe","status":"publish","type":"page","link":"https:\/\/www.gihemar.com\/web3\/index.php\/galve-de-sorbe\/","title":{"rendered":"Galve de Sorbe"},"content":{"rendered":"\n<p><strong>&nbsp;GALVE DE SORBE<\/strong><\/p>\n\n\n\n<h2 class=\"wp-block-heading\"><img loading=\"lazy\" decoding=\"async\" alt=\" \" src=\"c:%5CEVA%20HENCHE%5CCONDEMIOS%5CIMAGENESMONASTERIO-CONDEMIOS%5CIMAGENESEVA%20056.jpg\" width=\"38\" height=\"30\"><\/h2>\n\n\n\n<p><strong>\u00b7 T\u00e9cnico:<\/strong><\/p>\n\n\n\n<p>\u00c1ngel Cano Sanz &#8211; <a href=\"mailto:acano@gihemar.com\">acano@gihemar.com<\/a><\/p>\n\n\n\n<p>Rebeca Piquero Rodr\u00edguez &#8211; <a href=\"http:\/\/mce_host\/web1\/mail%20to:%20rebeca@gihemar.com\">rebeca@gihemar.com<\/a><\/p>\n\n\n\n<p><strong>\u00b7 Presentaci\u00f3n de la Solicitud:<\/strong><\/p>\n\n\n\n<p><strong>\u00b7 Resoluci\u00f3n Aprobatoria:<\/strong> 13 &#8211; diciembre &#8211; 2006 por la Direcci\u00f3n General de Producci\u00f3n Agropecuaria<\/p>\n\n\n\n<p><strong>\u00b7 Publicaci\u00f3n Resoluci\u00f3n:<\/strong> 22 &#8211; diciembre &#8211; 2006, <a href=\"https:\/\/www.gihemar.com\/pdf\/concentracion\/GALVEDESORBE\/autorizacion\">D.O.C.M. n\u00ba 265<\/a><\/p>\n\n\n\n<p><strong>RESOLUCI\u00d3N APROBATORIA DEL ACUERDO DE CONCENTRACI\u00d3N:<\/strong><\/p>\n\n\n\n<p>El <strong>Acuerdo de Concentraci\u00f3n Parcelaria<\/strong> ha sido <strong>aprobado<\/strong> por la Direcci\u00f3n General de Desarrollo Rural de Castilla la Mancha a fecha 25 de Agosto del 2015. Dicha Resoluci\u00f3n se ha publicado oficialmente en el D.O.C.M n\u00ba 183 de fecha 16 de Septiembre del 2015.<\/p>\n\n\n\n<p>Se adjunta el pdf de la resoluci\u00f3n y los planos.<\/p>\n\n\n\n<p>\u00a0 <strong><a href=\"https:\/\/www.gihemar.com\/cartodigital\/gis\/temp\/GALVEDESORBE\/resolucion.pdf\">Resolucion<\/a><\/strong><\/p>\n\n\n\n<p><strong>PLANOS DEL ACUERDO<\/strong><\/p>\n\n\n\n<p>\u00a0<strong><a href=\"https:\/\/www.gihemar.com\/cartodigital\/gis\/temp\/GALVEDESORBE\/POLIGONO_1.pdf\">POL\u00cdGONO 101<\/a>\u00a0\u00a0\u00a0\u00a0 <a href=\"https:\/\/www.gihemar.com\/cartodigital\/gis\/temp\/GALVEDESORBE\/POLIGONO_2.pdf\">POL\u00cdGONO 102<\/a>\u00a0\u00a0\u00a0\u00a0 <a href=\"https:\/\/www.gihemar.com\/cartodigital\/gis\/temp\/GALVEDESORBE\/POLIGONO_3.pdf\">POL\u00cdGONO 103<\/a>\u00a0\u00a0\u00a0\u00a0 <a href=\"https:\/\/www.gihemar.com\/cartodigital\/gis\/temp\/GALVEDESORBE\/POLIGONO_5.pdf\">POL\u00cdGONO 105<\/a><\/strong><\/p>\n\n\n\n<p><strong>PLANOS DEL AMOJONAMIENTO<\/strong><\/p>\n\n\n\n<p><strong><a href=\"https:\/\/www.gihemar.com\/pdf\/concentracion\/GALVEDESORBE\/POLIGONO%20101_ABRIL2018.pdf\">POL\u00cdGONO 101 \u00a0\u00a0\u00a0 <\/a><a href=\"https:\/\/www.gihemar.com\/pdf\/concentracion\/GALVEDESORBE\/POLIGONO%20102_ABRIL2018.pdf\">POL\u00cdGONO 102<\/a>\u00a0\u00a0\u00a0\u00a0\u00a0 <a href=\"https:\/\/www.gihemar.com\/pdf\/concentracion\/GALVEDESORBE\/POLIGONO%20103_ABRIL2018.pdf\">POL\u00cdGONO 103<\/a> \u00a0 \u00a0 <a href=\"https:\/\/www.gihemar.com\/pdf\/concentracion\/GALVEDESORBE\/POLIGONO%20105_ABRIL2018.pdf\">POL\u00cdGONO 105<\/a><\/strong><\/p>\n\n\n\n<p><strong>NOTA: PARA MEJORAR LA VISUALIZACI\u00d3N, DESC\u00c1RGUESE EL PLANO<\/strong><\/p>\n\n\n\n<hr class=\"wp-block-separator\"\/>\n\n\n\n<p><strong>RESOLUCI\u00d3N APROBATORIA DE LAS BASES DE CONCENTRACI\u00d3N:<\/strong><\/p>\n\n\n\n<p><strong>Las Bases de Concentraci\u00f3n Parcelaria de car\u00e1cter privado de Galve de Sorbe, t\u00e9rmino Municipal de Galve de Sorbe han sido aprobadas el 27\/07\/2011 y publicadas en el D.O.C.M n\u00ba 155 el 9 de Agosto del 2011.<\/strong><\/p>\n\n\n\n<p>Presentaci\u00f3n de las Bases: <strong>30 de Enero del 2009 (14 de Abril de 2011)<\/strong><\/p>\n\n\n\n<p>Resoluci\u00f3n aprobatoria: <strong>27 de Julio del 2011.<\/strong><\/p>\n\n\n\n<p>Publicaci\u00f3n de la Resoluci\u00f3n:<a href=\"https:\/\/www.gihemar.com\/pdf\/concentracion\/GALVEDESORBE\/DOCM_APROBACION_BASES_GALVE\"><strong>D.O.C.M, N\u00ba 155\u00a0 de 9 de Agosto de 2011.<\/strong><\/a><\/p>\n\n\n\n<p><strong>\u00b7 Planos:<a href=\"https:\/\/www.gihemar.com\/pdf\/concentracion\/GALVEDESORBE\/Poligono_1_E_4000\">Poligono 1<\/a> ,\u00a0\u00a0<a href=\"https:\/\/www.gihemar.com\/pdf\/concentracion\/GALVEDESORBE\/Poligono_2_E_4000\">Poligono 2<\/a> ,\u00a0\u00a0 <a href=\"https:\/\/www.gihemar.com\/pdf\/concentracion\/GALVEDESORBE\/Pol\u00edgono_3_E_4000\">Poligono 3<\/a> <a href=\"..\/pdf\/concentracion\/SANTA-MARIA-DEL-ESPINO\/Pol1.pdf\">, <\/a><a href=\"https:\/\/www.gihemar.com\/pdf\/concentracion\/GALVEDESORBE\/Poligono_5_E_4000\">Poligono 5, <\/a><a href=\"https:\/\/www.gihemar.com\/pdf\/concentracion\/GALVEDESORBE\/Plano_General_1_9000\">General<\/a><\/strong><\/p>\n\n\n\n<p><em>(<\/em>&nbsp;<\/p>\n\n\n\n<hr class=\"wp-block-separator\"\/>\n","protected":false},"excerpt":{"rendered":"<p>&nbsp;GALVE DE SORBE \u00b7 T\u00e9cnico: \u00c1ngel Cano Sanz &#8211; acano@gihemar.com Rebeca Piquero Rodr\u00edguez &#8211; rebeca@gihemar.com \u00b7 Presentaci\u00f3n de la Solicitud: \u00b7 Resoluci\u00f3n Aprobatoria: 13 &#8211; diciembre &#8211; 2006 por la Direcci\u00f3n General de Producci\u00f3n Agropecuaria \u00b7 Publicaci\u00f3n Resoluci\u00f3n: 22 &#8211; diciembre &#8211; 2006, D.O.C.M. n\u00ba 265 RESOLUCI\u00d3N APROBATORIA DEL ACUERDO DE CONCENTRACI\u00d3N: El Acuerdo de [&hellip;]<\/p>\n","protected":false},"author":2,"featured_media":0,"parent":0,"menu_order":0,"comment_status":"closed","ping_status":"closed","template":"","meta":{"footnotes":""},"class_list":["post-127","page","type-page","status-publish","hentry"],"_links":{"self":[{"href":"https:\/\/www.gihemar.com\/web3\/index.php\/wp-json\/wp\/v2\/pages\/127","targetHints":{"allow":["GET"]}}],"collection":[{"href":"https:\/\/www.gihemar.com\/web3\/index.php\/wp-json\/wp\/v2\/pages"}],"about":[{"href":"https:\/\/www.gihemar.com\/web3\/index.php\/wp-json\/wp\/v2\/types\/page"}],"author":[{"embeddable":true,"href":"https:\/\/www.gihemar.com\/web3\/index.php\/wp-json\/wp\/v2\/users\/2"}],"replies":[{"embeddable":true,"href":"https:\/\/www.gihemar.com\/web3\/index.php\/wp-json\/wp\/v2\/comments?post=127"}],"version-history":[{"count":5,"href":"https:\/\/www.gihemar.com\/web3\/index.php\/wp-json\/wp\/v2\/pages\/127\/revisions"}],"predecessor-version":[{"id":287,"href":"https:\/\/www.gihemar.com\/web3\/index.php\/wp-json\/wp\/v2\/pages\/127\/revisions\/287"}],"wp:attachment":[{"href":"https:\/\/www.gihemar.com\/web3\/index.php\/wp-json\/wp\/v2\/media?parent=127"}],"curies":[{"name":"wp","href":"https:\/\/api.w.org\/{rel}","templated":true}]}}