{"id":129,"date":"2021-03-13T10:13:54","date_gmt":"2021-03-13T10:13:54","guid":{"rendered":"https:\/\/www.gihemar.com\/web3\/?page_id=129"},"modified":"2021-03-15T13:34:35","modified_gmt":"2021-03-15T13:34:35","slug":"gargoles","status":"publish","type":"page","link":"https:\/\/www.gihemar.com\/web3\/index.php\/gargoles\/","title":{"rendered":"G\u00e1rgoles"},"content":{"rendered":"\n<h2 class=\"wp-block-heading\">G\u00e1rgoles de Arriba<\/h2>\n\n\n\n<p><strong>\u00b7 T\u00e9cnico:<\/strong><\/p>\n\n\n\n<p>\u00c1ngel Cano Sanz &#8211; <a href=\"mailto:acano@gihemar.com\">acano@gihemar.com<\/a><\/p>\n\n\n\n<p>Rebeca Piquero Rodr\u00edguez &#8211; <a href=\"http:\/\/mce_host\/web1\/mail%20to:%20rebeca@gihemar.com\">rebeca@gihemar.com<\/a><\/p>\n\n\n\n<p>A CONTINUACI\u00d3N PUEDEN CONSULTAR LOS <strong>PLANOS<\/strong>,&nbsp; DEL AMOJONAMIENTO DEL&nbsp; <strong>ACUERDO DE CONCENTRACI\u00d3N PARCELARIA DE CAR\u00c1CTER PRIVADO DE LA ZONA DE g\u00e1rgoles de arriba (GUADALAJARA)<\/strong>.<\/p>\n\n\n\n<p><strong>Planos:<\/strong><\/p>\n\n\n\n<p><a href=\"http:\/\/gihemar.com\/pdf\/concentracion\/GARGOLES\/AMOJONAMIENTO\/GENERAL\">PLANO GENERAL,<\/a> <a href=\"http:\/\/gihemar.com\/pdf\/concentracion\/GARGOLES\/AMOJONAMIENTO\/P-1\">POL\u00cdGONO 1<\/a> , <a href=\"http:\/\/gihemar.com\/pdf\/concentracion\/GARGOLES\/AMOJONAMIENTO\/P-2\">POL\u00cdGONO 2 <\/a>, <a href=\"http:\/\/gihemar.com\/pdf\/concentracion\/GARGOLES\/AMOJONAMIENTO\/P-3\">POL\u00cdGONO 3<\/a> , <a href=\"http:\/\/gihemar.com\/pdf\/concentracion\/GARGOLES\/AMOJONAMIENTO\/P-4\">POL\u00cdGONO 4 <\/a>,<a href=\"http:\/\/gihemar.com\/pdf\/concentracion\/GARGOLES\/AMOJONAMIENTO\/P-5\">POL\u00cdGONO 5<\/a> , <a href=\"http:\/\/gihemar.com\/pdf\/concentracion\/GARGOLES\/AMOJONAMIENTO\/P-6\">POL\u00cdGONO 6<\/a> , <a href=\"http:\/\/gihemar.com\/pdf\/concentracion\/GARGOLES\/AMOJONAMIENTO\/P-7\">POL\u00cdGONO 7<\/a> ,<\/p>\n\n\n\n<p>&#8212;&#8212;&#8212;&#8212;&#8212;&#8212;&#8212;&#8212;&#8212;&#8212;&#8212;&#8212;&#8212;&#8212;&#8212;&#8212;&#8212;&#8212;&#8212;&#8212;&#8212;&#8212;&#8212;&#8212;&#8212;&#8212;&#8212;&#8212;&#8212;&#8212;&#8212;&#8212;&#8212;&#8212;&#8212;&#8212;&#8212;&#8212;&#8212;&#8212;&#8212;&#8212;&#8212;&#8212;&#8212;&#8212;&#8212;&#8212;&#8212;&#8212;&#8212;&#8212;&#8212;&#8212;&#8212;&#8212;&#8212;&#8212;&#8212;&#8212;&#8212;&#8212;&#8212;&#8212;&#8212;&#8212;<\/p>\n\n\n\n<p>A CONTINUACI\u00d3N PUEDEN CONSULTAR LOS <strong>PLANOS<\/strong>, &nbsp;Y LA <strong>RESOLUCI\u00d3N<\/strong> POR LA QUE SE APRUEBA EL <strong>ACUERDO DE CONCENTRACI\u00d3N PARCELARIA DE CAR\u00c1CTER PRIVADO DE LA ZONA DE g\u00e1rgoles de arriba (GUADALAJARA)<\/strong>.<\/p>\n\n\n\n<ul class=\"wp-block-list\"><li><strong>ACUERDO DE CONCENTRACI\u00d3N<\/strong><\/li><\/ul>\n\n\n\n<p><strong>Planos:<\/strong><\/p>\n\n\n\n<p><a href=\"http:\/\/gihemar.com\/pdf\/concentracion\/GARGOLES\/ACUERDO\/GENERAL\">PLANO GENERAL,<\/a> <a href=\"http:\/\/gihemar.com\/pdf\/concentracion\/GARGOLES\/ACUERDO\/POLIGONO_1\">POL\u00cdGONO 1<\/a> , <a href=\"http:\/\/gihemar.com\/pdf\/concentracion\/GARGOLES\/ACUERDO\/POL\u00cdGONO_2\">POL\u00cdGONO 2<\/a> , <a href=\"http:\/\/gihemar.com\/pdf\/concentracion\/GARGOLES\/ACUERDO\/POLIGONO_3\">POL\u00cdGONO 3<\/a> , <a href=\"http:\/\/gihemar.com\/pdf\/concentracion\/GARGOLES\/ACUERDO\/POLIGONO_4\">POL\u00cdGONO 4<\/a> ,<a href=\"http:\/\/gihemar.com\/pdf\/concentracion\/GARGOLES\/ACUERDO\/POLIGONO_5\"> POL\u00cdGONO 5<\/a> , <a href=\"http:\/\/gihemar.com\/pdf\/concentracion\/GARGOLES\/ACUERDO\/POLIGONO_6\">POL\u00cdGONO 6<\/a> , <a href=\"http:\/\/gihemar.com\/pdf\/concentracion\/GARGOLES\/ACUERDO\/POLIGONO_7\">POL\u00cdGONO 7<\/a> ,<\/p>\n\n\n\n<p>RESOLUCI\u00d3N APROBATORIA: <strong>1 &#8211; JUNIO- 2010<\/strong> de la Direcci\u00f3n General de Desarrollo Rural.<\/p>\n\n\n\n<p>&#8211; PUBLICACI\u00d3N RESOLUCI\u00d3N: <strong>18 de Junio del 2010<\/strong>. <a href=\"http:\/\/gihemar.com\/pdf\/concentracion\/GARGOLES\/ACUERDO\/RESOLUCION\">D.O.C.M N\u00ba 123<\/a><\/p>\n","protected":false},"excerpt":{"rendered":"<p>G\u00e1rgoles de Arriba \u00b7 T\u00e9cnico: \u00c1ngel Cano Sanz &#8211; acano@gihemar.com Rebeca Piquero Rodr\u00edguez &#8211; rebeca@gihemar.com A CONTINUACI\u00d3N PUEDEN CONSULTAR LOS PLANOS,&nbsp; DEL AMOJONAMIENTO DEL&nbsp; ACUERDO DE CONCENTRACI\u00d3N PARCELARIA DE CAR\u00c1CTER PRIVADO DE LA ZONA DE g\u00e1rgoles de arriba (GUADALAJARA). Planos: PLANO GENERAL, POL\u00cdGONO 1 , POL\u00cdGONO 2 , POL\u00cdGONO 3 , POL\u00cdGONO 4 ,POL\u00cdGONO 5 [&hellip;]<\/p>\n","protected":false},"author":2,"featured_media":0,"parent":0,"menu_order":0,"comment_status":"closed","ping_status":"closed","template":"","meta":{"footnotes":""},"class_list":["post-129","page","type-page","status-publish","hentry"],"_links":{"self":[{"href":"https:\/\/www.gihemar.com\/web3\/index.php\/wp-json\/wp\/v2\/pages\/129","targetHints":{"allow":["GET"]}}],"collection":[{"href":"https:\/\/www.gihemar.com\/web3\/index.php\/wp-json\/wp\/v2\/pages"}],"about":[{"href":"https:\/\/www.gihemar.com\/web3\/index.php\/wp-json\/wp\/v2\/types\/page"}],"author":[{"embeddable":true,"href":"https:\/\/www.gihemar.com\/web3\/index.php\/wp-json\/wp\/v2\/users\/2"}],"replies":[{"embeddable":true,"href":"https:\/\/www.gihemar.com\/web3\/index.php\/wp-json\/wp\/v2\/comments?post=129"}],"version-history":[{"count":2,"href":"https:\/\/www.gihemar.com\/web3\/index.php\/wp-json\/wp\/v2\/pages\/129\/revisions"}],"predecessor-version":[{"id":288,"href":"https:\/\/www.gihemar.com\/web3\/index.php\/wp-json\/wp\/v2\/pages\/129\/revisions\/288"}],"wp:attachment":[{"href":"https:\/\/www.gihemar.com\/web3\/index.php\/wp-json\/wp\/v2\/media?parent=129"}],"curies":[{"name":"wp","href":"https:\/\/api.w.org\/{rel}","templated":true}]}}