{"id":131,"date":"2021-03-13T10:14:04","date_gmt":"2021-03-13T10:14:04","guid":{"rendered":"https:\/\/www.gihemar.com\/web3\/?page_id=131"},"modified":"2022-11-16T13:03:50","modified_gmt":"2022-11-16T13:03:50","slug":"huetos","status":"publish","type":"page","link":"https:\/\/www.gihemar.com\/web3\/index.php\/huetos\/","title":{"rendered":"Huetos"},"content":{"rendered":"\t\t<div data-elementor-type=\"wp-page\" data-elementor-id=\"131\" class=\"elementor elementor-131\" data-elementor-settings=\"[]\">\n\t\t\t\t\t\t\t<div class=\"elementor-section-wrap\">\n\t\t\t\t\t\t\t<section class=\"elementor-section elementor-top-section elementor-element elementor-element-783e473 elementor-section-boxed elementor-section-height-default elementor-section-height-default\" data-id=\"783e473\" data-element_type=\"section\">\n\t\t\t\t\t\t<div class=\"elementor-container elementor-column-gap-default\">\n\t\t\t\t\t<div class=\"elementor-column elementor-col-100 elementor-top-column elementor-element elementor-element-7a8c4901\" data-id=\"7a8c4901\" data-element_type=\"column\">\n\t\t\t<div class=\"elementor-widget-wrap elementor-element-populated\">\n\t\t\t\t\t\t\t\t<div class=\"elementor-element elementor-element-64c4c805 elementor-widget elementor-widget-text-editor\" data-id=\"64c4c805\" data-element_type=\"widget\" data-widget_type=\"text-editor.default\">\n\t\t\t\t<div class=\"elementor-widget-container\">\n\t\t\t\t\t<div class=\"elementor-text-editor elementor-clearfix\"><p><!-- wp:heading --><\/p>\n<h4 style=\"text-align: center;\">HUETOS.<\/h4>\n<p><!-- \/wp:heading --><\/p>\n<p><!-- wp:paragraph --><\/p>\n<p><strong>\u00b7 T\u00e9cnicos:<\/strong><\/p>\n<p><!-- \/wp:paragraph --><\/p>\n<p><!-- wp:paragraph --><\/p>\n<p>\u00c1ngel Cano Sanz &#8211; <a href=\"mailto:acano@gihemar.com\">acano@gihemar.com<\/a><\/p>\n<p><!-- \/wp:paragraph --><\/p>\n<p><!-- wp:paragraph --><\/p>\n<p>Rebeca Piquero Rodr\u00edguez &#8211; <a href=\"..\/\">rebeca@gihemar.com<\/a><\/p>\n<p><strong>\u00b7 <\/strong><strong>Promotor:<\/strong> ASOCIACI\u00d3N DE PROPIETARIOS DE FINCAS R\u00daSTICAS DE HUETOS.&nbsp;<\/p>\n<p><!-- \/wp:paragraph --><\/p>\n<p><!-- wp:paragraph --><\/p>\n<p><strong>\u00b7 Presentaci\u00f3n de la Solicitud:<\/strong> 24 &#8211; febrero &#8211; 2010<\/p>\n<p><!-- \/wp:paragraph --><\/p>\n<p><!-- wp:paragraph --><\/p>\n<p><strong>\u00b7 Resoluci\u00f3n Aprobatoria:<\/strong> 07 &#8211; octubre &#8211; 2010 por la Direcci\u00f3n General de Mejora Explotaciones Agrarias.<\/p>\n<p><!-- \/wp:paragraph --><\/p>\n<p><!-- wp:paragraph --><\/p>\n<p><strong>\u00b7 Publicaci\u00f3n Resoluci\u00f3n:<\/strong> 04 &#8211; noviembre &#8211; 2010, <a href=\"https:\/\/www.gihemar.com\/pdf\/concentracion\/HUETOS\/AUTORIZACION\">D.O.C.M. n\u00ba 213<\/a><\/p>\n<p><!-- \/wp:paragraph --><\/p>\n<p><!-- wp:paragraph --><\/p>\n<p><strong>\u00b7 Publicaci\u00f3n Acuerdo de Concentraci\u00f3n:<\/strong> 22- diciembre- 2021, <a href=\"https:\/\/www.gihemar.com\/pdf\/concentracion\/HUETOS\/7 PUBLICACION ACUERDO.pdf\" target=\"_blank\" rel=\"noopener\">D.O.C.M. n\u00ba 244<\/a><\/p>\n<p><!-- \/wp:paragraph --><\/p>\n<p><!-- wp:paragraph --><\/p>\n<p><!-- \/wp:paragraph --><\/p>\n<p><!-- wp:paragraph --><\/p>\n<p><!-- \/wp:paragraph --><\/p>\n<p><!-- wp:paragraph --><\/p>\n<p><!-- \/wp:paragraph --><\/p>\n<p><!-- wp:paragraph {\"align\":\"center\"} --><\/p>\n<p><strong>&nbsp;<\/strong><\/p>\n<p><\/p>\n<p><strong>&nbsp;<\/strong><\/p>\n<p><u><strong>PL<\/strong>A<strong>NOS AMOJONAMIENTO<\/strong><\/u><\/p>\n<p><strong>&nbsp;<\/strong><\/p>\n<p><\/p>\n<p><a target=\"_blank\" href=\"https:\/\/www.gihemar.com\/pdf\/concentracion\/HUETOS\/AMOJONAMIENTO\/AMOJ-101.pdf\">P-101<\/a>&nbsp;&nbsp;&nbsp;&nbsp;&nbsp;&nbsp;&nbsp;&nbsp;&nbsp;&nbsp;&nbsp;&nbsp;&nbsp;&nbsp;&nbsp;&nbsp;&nbsp;&nbsp;&nbsp;&nbsp;&nbsp; <a href=\"https:\/\/www.gihemar.com\/pdf\/concentracion\/HUETOS\/AMOJONAMIENTO\/AMOJ-102.pdf\" target=\"_blank\">P-102<\/a>&nbsp;&nbsp;&nbsp;&nbsp;&nbsp;&nbsp;&nbsp;&nbsp;&nbsp;&nbsp;&nbsp;&nbsp;&nbsp;&nbsp;&nbsp;&nbsp;&nbsp;&nbsp;&nbsp;&nbsp;&nbsp; <a href=\"https:\/\/www.gihemar.com\/pdf\/concentracion\/HUETOS\/AMOJONAMIENTO\/AMOJ-103.pdf\" target=\"_blank\">P-103<\/a>&nbsp;&nbsp;&nbsp;&nbsp;&nbsp;&nbsp;&nbsp;&nbsp;&nbsp;&nbsp;&nbsp;&nbsp;&nbsp;&nbsp;&nbsp;&nbsp;&nbsp;&nbsp; <a href=\"https:\/\/www.gihemar.com\/pdf\/concentracion\/HUETOS\/AMOJONAMIENTO\/AMOJ-104.pdf\" target=\"_blank\">P-104<\/a>&nbsp;&nbsp;&nbsp;&nbsp;&nbsp;&nbsp;&nbsp;&nbsp;&nbsp;&nbsp;&nbsp;&nbsp;&nbsp;&nbsp;&nbsp;&nbsp;&nbsp;&nbsp;&nbsp; <a href=\"https:\/\/www.gihemar.com\/pdf\/concentracion\/HUETOS\/AMOJONAMIENTO\/AMOJ-105.pdf\">P-105<\/a><a>&nbsp;<\/a>&nbsp;&nbsp;&nbsp;&nbsp;&nbsp;&nbsp;&nbsp;&nbsp;&nbsp;&nbsp;&nbsp;&nbsp;&nbsp;&nbsp;&nbsp;&nbsp;&nbsp;&nbsp;&nbsp;&nbsp;&nbsp;&nbsp;&nbsp;&nbsp;&nbsp;&nbsp;<\/p>\n<p><a href=\"https:\/\/www.gihemar.com\/pdf\/concentracion\/HUETOS\/ACUERDO\/GENERAL.pdf\">&nbsp;&nbsp;&nbsp;&nbsp;&nbsp;&nbsp;&nbsp;&nbsp;&nbsp;&nbsp;&nbsp;&nbsp;&nbsp;&nbsp;&nbsp;&nbsp;&nbsp;&nbsp;&nbsp;&nbsp;&nbsp;&nbsp;&nbsp;&nbsp;&nbsp;&nbsp;&nbsp;&nbsp;&nbsp;&nbsp;&nbsp;&nbsp;&nbsp;&nbsp;&nbsp;&nbsp;&nbsp;&nbsp;&nbsp;&nbsp;&nbsp;&nbsp;&nbsp;&nbsp;&nbsp;&nbsp;&nbsp;&nbsp; <\/a><a href=\"https:\/\/www.gihemar.com\/pdf\/concentracion\/HUETOS\/AMOJONAMIENTO\/AMOJ-GENERAL.pdf\" target=\"_blank\">PLANO GENERAL<\/a><\/p>\n<p><strong>&nbsp;<\/strong><\/p>\n<p><u><strong>PL<\/strong>A<strong>NOS ACUERDO<\/strong><\/u><\/p>\n<p><strong>&nbsp;<\/strong><\/p>\n<p><!-- \/wp:paragraph --><\/p>\n<p><!-- wp:paragraph --><\/p>\n<p><a href=\"https:\/\/www.gihemar.com\/pdf\/concentracion\/HUETOS\/ACUERDO\/P-101.pdf\">P-101<\/a>&nbsp;&nbsp;&nbsp;&nbsp;&nbsp;&nbsp;&nbsp;&nbsp;&nbsp;&nbsp;&nbsp;&nbsp;&nbsp;&nbsp;&nbsp;&nbsp;&nbsp;&nbsp;&nbsp;&nbsp;&nbsp; <a href=\"https:\/\/www.gihemar.com\/pdf\/concentracion\/HUETOS\/ACUERDO\/P-102.pdf\">P-102<\/a>&nbsp;&nbsp;&nbsp;&nbsp;&nbsp;&nbsp;&nbsp;&nbsp;&nbsp;&nbsp;&nbsp;&nbsp;&nbsp;&nbsp;&nbsp;&nbsp;&nbsp;&nbsp;&nbsp;&nbsp;&nbsp; <a href=\"https:\/\/www.gihemar.com\/pdf\/concentracion\/HUETOS\/ACUERDO\/P-103.pdf\">P-103<\/a>&nbsp;&nbsp;&nbsp;&nbsp;&nbsp;&nbsp;&nbsp;&nbsp;&nbsp;&nbsp;&nbsp;&nbsp;&nbsp;&nbsp;&nbsp;&nbsp;&nbsp;&nbsp; <a href=\"https:\/\/www.gihemar.com\/pdf\/concentracion\/HUETOS\/ACUERDO\/P-104.pdf\">P-104<\/a>&nbsp;&nbsp;&nbsp;&nbsp;&nbsp;&nbsp;&nbsp;&nbsp;&nbsp;&nbsp;&nbsp;&nbsp;&nbsp;&nbsp;&nbsp;&nbsp;&nbsp;&nbsp;&nbsp; <a href=\"https:\/\/www.gihemar.com\/pdf\/concentracion\/HUETOS\/ACUERDO\/P-105.pdf\">P-105<\/a>&nbsp;&nbsp;&nbsp;&nbsp;&nbsp;&nbsp;&nbsp;&nbsp;&nbsp;&nbsp;&nbsp;&nbsp;&nbsp;&nbsp;&nbsp;&nbsp;&nbsp;&nbsp;&nbsp;&nbsp;&nbsp;&nbsp;&nbsp;&nbsp;&nbsp;&nbsp;&nbsp;<\/p>\n<p><a href=\"https:\/\/www.gihemar.com\/pdf\/concentracion\/HUETOS\/ACUERDO\/GENERAL.pdf\">&nbsp;&nbsp;&nbsp;&nbsp;&nbsp;&nbsp;&nbsp;&nbsp;&nbsp;&nbsp;&nbsp;&nbsp;&nbsp;&nbsp;&nbsp;&nbsp;&nbsp;&nbsp;&nbsp;&nbsp;&nbsp;&nbsp;&nbsp;&nbsp;&nbsp;&nbsp;&nbsp;&nbsp;&nbsp;&nbsp;&nbsp;&nbsp;&nbsp;&nbsp;&nbsp;&nbsp;&nbsp;&nbsp;&nbsp;&nbsp;&nbsp;&nbsp;&nbsp;&nbsp;&nbsp;&nbsp;&nbsp;&nbsp; PLANO GENERAL<\/a><\/p>\n<p><!-- \/wp:paragraph --><\/p>\n<p><!-- wp:paragraph --><\/p>\n<p><!-- \/wp:paragraph --><\/p>\n<p><!-- wp:paragraph --><\/p>\n<p><!-- \/wp:paragraph --><\/p>\n<p><!-- wp:paragraph --><\/p>\n<p><!-- \/wp:paragraph --><\/p>\n<p><!-- wp:paragraph --><\/p>\n<p><!-- \/wp:paragraph --><\/p>\n<p><!-- wp:paragraph --><\/p>\n<p><!-- \/wp:paragraph --><\/p>\n<p><!-- wp:paragraph --><\/p>\n<p><!-- \/wp:paragraph --><\/p>\n<p><!-- wp:paragraph {\"align\":\"center\"} --><\/p>\n<p><strong>&nbsp;<\/strong><\/p>\n<p><strong>&nbsp;<\/strong><\/p>\n<p><u><strong>PL<\/strong>A<strong>NOS BASES<\/strong><\/u><\/p>\n<p><!-- \/wp:paragraph --><\/p>\n<p><!-- wp:paragraph --><\/p>\n<p><!-- \/wp:paragraph --><\/p>\n<p><!-- wp:paragraph --><\/p>\n<p><strong><a href=\"https:\/\/www.gihemar.com\/pdf\/concentracion\/HUETOS\/POL_1\">Poligono 1<\/a>&nbsp; &nbsp; &nbsp; &nbsp;&nbsp; <a href=\"https:\/\/www.gihemar.com\/pdf\/concentracion\/HUETOS\/POL_2\">Poligono 2<\/a> &nbsp; &nbsp; &nbsp; &nbsp; &nbsp; &nbsp; <a href=\"https:\/\/www.gihemar.com\/pdf\/concentracion\/HUETOS\/POL_3\">Poligono 3 &nbsp; &nbsp; &nbsp; &nbsp; &nbsp; &nbsp; <\/a> <a href=\"https:\/\/www.gihemar.com\/pdf\/concentracion\/HUETOS\/POL_4\">Poligono 4<\/a>&nbsp;&nbsp;&nbsp;&nbsp;&nbsp;&nbsp;&nbsp;&nbsp;&nbsp;&nbsp; <a href=\"https:\/\/www.gihemar.com\/pdf\/concentracion\/HUETOS\/POL_5\">Poligono 5<\/a> &nbsp; &nbsp; &nbsp; &nbsp; &nbsp; &nbsp; &nbsp; &nbsp; &nbsp;&nbsp; <a href=\"https:\/\/www.gihemar.com\/pdf\/concentracion\/HUETOS\/GENERAL\">General<\/a><\/strong><\/p>\n<p><!-- \/wp:paragraph --><\/p>\n<p><!-- wp:paragraph --><\/p>\n<p><!-- \/wp:paragraph --><\/p>\n<p><!-- wp:paragraph --><\/p>\n<p><\/p>\n<p>Para llevar a cabo la clasificaci\u00f3n de tierras de la zona de Huetos, han sido fijados por la Junta de Clasificaci\u00f3n NUEVE clases, en las que han sido clasificadas todas las parcelas de la zona incluidas en concentraci\u00f3n.<\/p>\n<p><!-- \/wp:paragraph --><\/p>\n<p><!-- wp:paragraph --><\/p>\n<p>Asimismo, han sido fijados los coeficientes (ptos\/m2) que servir\u00e1n de base para hacer las compensaciones de tierra cuando sea necesario<\/p>\n<p><!-- \/wp:paragraph --><\/p>\n<p><!-- wp:table --><\/p>\n<figure>\n<table>\n<tbody>\n<tr>\n<td><strong>CLASE<\/strong><\/td>\n<td><strong>COEFICIENTE<\/strong> <strong>(ptos\/m\u00b2)<\/strong><\/td>\n<td><strong>PARCELAS TIPO<\/strong><\/td>\n<\/tr>\n<tr>\n<td><strong>POL\u00cdGONO<\/strong><\/td>\n<td><strong>PARCELA<\/strong><\/td>\n<\/tr>\n<tr>\n<td><strong>I<\/strong> \u2013 1\u00aa REGAD\u00cdO<\/td>\n<td>1,00<\/td>\n<td>5<\/td>\n<td>1168<\/td>\n<\/tr>\n<tr>\n<td><strong>II<\/strong> \u2013 2\u00aa REGAD\u00cdO<\/td>\n<td>0,90<\/td>\n<td>1<\/td>\n<td>576<\/td>\n<\/tr>\n<tr>\n<td><strong>III<\/strong> \u2013 3\u00aa REGAD\u00cdO<\/td>\n<td>0,75<\/td>\n<td>1<\/td>\n<td>488<\/td>\n<\/tr>\n<tr>\n<td><strong>IV<\/strong> \u2013 1\u00aa SECANO<\/td>\n<td>0,95<\/td>\n<td>2<\/td>\n<td>584<\/td>\n<\/tr>\n<tr>\n<td><strong>V<\/strong> \u2013 2\u00aa SECANO<\/td>\n<td>0,85<\/td>\n<td>2<\/td>\n<td>1355<\/td>\n<\/tr>\n<tr>\n<td><strong>VI<\/strong> \u2013 3\u00aa SECANO<\/td>\n<td>0,75<\/td>\n<td>1<\/td>\n<td>112<\/td>\n<\/tr>\n<tr>\n<td><strong>VII<\/strong> \u2013 4\u00aa SECANO<\/td>\n<td>0,50<\/td>\n<td>1<\/td>\n<td>18<\/td>\n<\/tr>\n<tr>\n<td><strong>VII<\/strong>I \u2013 NO CULTIVADAS<\/td>\n<td>0,20<\/td>\n<td>1<\/td>\n<td>64<\/td>\n<\/tr>\n<tr>\n<td><strong>XIX<\/strong> &#8211; MONTE<\/td>\n<td>0,15<\/td>\n<td>5<\/td>\n<td>1272<\/td>\n<\/tr>\n<\/tbody>\n<\/table>\n<\/figure>\n<p><!-- \/wp:table --><\/p>\n<p><!-- wp:paragraph --><\/p>\n<p><strong>* * * * * TRABAJOS REALIZADOS&nbsp; * * * * *<\/strong><\/p>\n<p><!-- \/wp:paragraph --><\/p>\n<p><!-- wp:paragraph --><\/p>\n<p><strong>&#8211; INVESTIGACI\u00d3N DE LA PROPIEDAD. <\/strong><em>&#8211; <\/em><strong><em>realizada<\/em><\/strong><\/p>\n<p><!-- \/wp:paragraph --><\/p>\n<p><!-- wp:paragraph --><\/p>\n<p><strong>&#8211; DUPLICIDADES PENDIENTES.<\/strong> &#8211; <em><strong>resueltas<\/strong><\/em><\/p>\n<p><!-- \/wp:paragraph --><\/p>\n<p><!-- wp:paragraph --><\/p>\n<p><strong>&#8211; CLASIFICACI\u00d3N DE TIERRAS. &#8211;<em>realizada en la primavera del 2011<\/em><\/strong><\/p>\n<p><!-- \/wp:paragraph --><\/p>\n<p><!-- wp:paragraph --><\/p>\n<p><strong><em>&#8211;<\/em> E<\/strong><strong>LABOR<\/strong><strong>ACI\u00d3N Y ENTREGA <\/strong><strong>DE LAS BASES DE CONCENTRACI\u00d3N<\/strong>&nbsp;<\/p>\n<p><!-- \/wp:paragraph --><\/p>\n<p><!-- wp:paragraph --><\/p>\n<p><strong>&#8211; PLAN DE OBRAS <em>(Caminos)<\/em><\/strong><\/p>\n<p><strong><em>-ACUERDO DE CONCENTRACI\u00d3N<br><\/em><\/strong><\/p>\n<p><strong><em>&nbsp;<\/em><\/strong><\/p>\n<p><!-- \/wp:paragraph --><\/p>\n<p><!-- wp:paragraph --><\/p>\n<p><strong>* * * * * PR\u00d3XIMAS ACTUACIONES * * * *&nbsp; *<\/strong><\/p>\n<p><!-- \/wp:paragraph --><\/p>\n<p><!-- wp:paragraph --><\/p>\n<p><!-- \/wp:paragraph --><\/p>\n<p><!-- wp:paragraph --><\/p>\n<p><strong>AMOJONAMIENTO<\/strong><\/p>\n<p><!-- \/wp:paragraph --><\/p>\n<p><!-- wp:paragraph --><\/p>\n<p><strong>&nbsp;<\/strong><\/p>\n<p><!-- \/wp:paragraph --><\/p>\n<p><!-- wp:separator --><\/p>\n<hr>\n<p><!-- \/wp:separator --><\/p><\/div>\n\t\t\t\t<\/div>\n\t\t\t\t<\/div>\n\t\t\t\t<div class=\"elementor-element elementor-element-6d5e075 elementor-widget elementor-widget-text-editor\" data-id=\"6d5e075\" data-element_type=\"widget\" data-widget_type=\"text-editor.default\">\n\t\t\t\t<div class=\"elementor-widget-container\">\n\t\t\t\t\t<div class=\"elementor-text-editor elementor-clearfix\"><p><!-- wp:heading --><\/p>\n<h4 style=\"text-align: center;\">HUETOS.<\/h4>\n<p><!-- \/wp:heading --><\/p>\n<p><!-- wp:paragraph --><\/p>\n<p><strong>\u00b7 T\u00e9cnicos:<\/strong><\/p>\n<p><!-- \/wp:paragraph --><\/p>\n<p><!-- wp:paragraph --><\/p>\n<p>\u00c1ngel Cano Sanz &#8211; <a href=\"mailto:acano@gihemar.com\">acano@gihemar.com<\/a><\/p>\n<p><!-- \/wp:paragraph --><\/p>\n<p><!-- wp:paragraph --><\/p>\n<p>Rebeca Piquero Rodr\u00edguez &#8211; <a href=\"..\/\">rebeca@gihemar.com<\/a><\/p>\n<p><strong>\u00b7 <\/strong><strong>Promotor:<\/strong> ASOCIACI\u00d3N DE PROPIETARIOS DE FINCAS R\u00daSTICAS DE HUETOS.&nbsp;<\/p>\n<p><!-- \/wp:paragraph --><\/p>\n<p><!-- wp:paragraph --><\/p>\n<p><strong>\u00b7 Presentaci\u00f3n de la Solicitud:<\/strong> 24 &#8211; febrero &#8211; 2010<\/p>\n<p><!-- \/wp:paragraph --><\/p>\n<p><!-- wp:paragraph --><\/p>\n<p><strong>\u00b7 Resoluci\u00f3n Aprobatoria:<\/strong> 07 &#8211; octubre &#8211; 2010 por la Direcci\u00f3n General de Mejora Explotaciones Agrarias.<\/p>\n<p><!-- \/wp:paragraph --><\/p>\n<p><!-- wp:paragraph --><\/p>\n<p><strong>\u00b7 Publicaci\u00f3n Resoluci\u00f3n:<\/strong> 04 &#8211; noviembre &#8211; 2010, <a href=\"https:\/\/www.gihemar.com\/pdf\/concentracion\/HUETOS\/AUTORIZACION\">D.O.C.M. n\u00ba 213<\/a><\/p>\n<p><!-- \/wp:paragraph --><\/p>\n<p><!-- wp:paragraph --><\/p>\n<p><strong>\u00b7 Publicaci\u00f3n Acuerdo de Concentraci\u00f3n:<\/strong> 22- diciembre- 2021, <a target=\"_blank\" href=\"https:\/\/www.gihemar.com\/pdf\/concentracion\/HUETOS\/7 PUBLICACION ACUERDO.pdf\">D.O.C.M. n\u00ba 244<\/a><\/p>\n<p><!-- \/wp:paragraph --><\/p>\n<p><!-- wp:paragraph --><\/p>\n<p><!-- \/wp:paragraph --><\/p>\n<p><!-- wp:paragraph --><\/p>\n<p><!-- \/wp:paragraph --><\/p>\n<p><!-- wp:paragraph --><\/p>\n<p><!-- \/wp:paragraph --><\/p>\n<p><!-- wp:paragraph {\"align\":\"center\"} --><\/p>\n<p><strong>&nbsp;<\/strong><\/p>\n<p><u><strong>PL<\/strong>A<strong>NOS ACUERDO<\/strong><\/u><\/p>\n<p><strong>&nbsp;<\/strong><\/p>\n<p><!-- \/wp:paragraph --><\/p>\n<p><!-- wp:paragraph --><\/p>\n<p><a href=\"https:\/\/www.gihemar.com\/pdf\/concentracion\/HUETOS\/ACUERDO\/P-101.pdf\">P-101<\/a>&nbsp;&nbsp;&nbsp;&nbsp;&nbsp;&nbsp;&nbsp;&nbsp;&nbsp;&nbsp;&nbsp;&nbsp;&nbsp;&nbsp;&nbsp;&nbsp;&nbsp;&nbsp;&nbsp;&nbsp;&nbsp; <a href=\"https:\/\/www.gihemar.com\/pdf\/concentracion\/HUETOS\/ACUERDO\/P-102.pdf\">P-102<\/a>&nbsp;&nbsp;&nbsp;&nbsp;&nbsp;&nbsp;&nbsp;&nbsp;&nbsp;&nbsp;&nbsp;&nbsp;&nbsp;&nbsp;&nbsp;&nbsp;&nbsp;&nbsp;&nbsp;&nbsp;&nbsp; <a href=\"https:\/\/www.gihemar.com\/pdf\/concentracion\/HUETOS\/ACUERDO\/P-103.pdf\">P-103<\/a>&nbsp;&nbsp;&nbsp;&nbsp;&nbsp;&nbsp;&nbsp;&nbsp;&nbsp;&nbsp;&nbsp;&nbsp;&nbsp;&nbsp;&nbsp;&nbsp;&nbsp;&nbsp; <a href=\"https:\/\/www.gihemar.com\/pdf\/concentracion\/HUETOS\/ACUERDO\/P-104.pdf\">P-104<\/a>&nbsp;&nbsp;&nbsp;&nbsp;&nbsp;&nbsp;&nbsp;&nbsp;&nbsp;&nbsp;&nbsp;&nbsp;&nbsp;&nbsp;&nbsp;&nbsp;&nbsp;&nbsp;&nbsp; <a href=\"https:\/\/www.gihemar.com\/pdf\/concentracion\/HUETOS\/ACUERDO\/P-105.pdf\">P-105<\/a>&nbsp;&nbsp;&nbsp;&nbsp;&nbsp;&nbsp;&nbsp;&nbsp;&nbsp;&nbsp;&nbsp;&nbsp;&nbsp;&nbsp;&nbsp;&nbsp;&nbsp;&nbsp;&nbsp;&nbsp;&nbsp;&nbsp;&nbsp;&nbsp;&nbsp;&nbsp;&nbsp;<\/p>\n<p><a href=\"https:\/\/www.gihemar.com\/pdf\/concentracion\/HUETOS\/ACUERDO\/GENERAL.pdf\">&nbsp;&nbsp;&nbsp;&nbsp;&nbsp;&nbsp;&nbsp;&nbsp;&nbsp;&nbsp;&nbsp;&nbsp;&nbsp;&nbsp;&nbsp;&nbsp;&nbsp;&nbsp;&nbsp;&nbsp;&nbsp;&nbsp;&nbsp;&nbsp;&nbsp;&nbsp;&nbsp;&nbsp;&nbsp;&nbsp;&nbsp;&nbsp;&nbsp;&nbsp;&nbsp;&nbsp;&nbsp;&nbsp;&nbsp;&nbsp;&nbsp;&nbsp;&nbsp;&nbsp;&nbsp;&nbsp;&nbsp;&nbsp; PLANO GENERAL<\/a><\/p>\n<p><!-- \/wp:paragraph --><\/p>\n<p><!-- wp:paragraph --><\/p>\n<p><!-- \/wp:paragraph --><\/p>\n<p><!-- wp:paragraph --><\/p>\n<p><!-- \/wp:paragraph --><\/p>\n<p><!-- wp:paragraph --><\/p>\n<p><!-- \/wp:paragraph --><\/p>\n<p><!-- wp:paragraph --><\/p>\n<p><!-- \/wp:paragraph --><\/p>\n<p><!-- wp:paragraph --><\/p>\n<p><!-- \/wp:paragraph --><\/p>\n<p><!-- wp:paragraph --><\/p>\n<p><!-- \/wp:paragraph --><\/p>\n<p><!-- wp:paragraph {\"align\":\"center\"} --><\/p>\n<p><strong>&nbsp;<\/strong><\/p>\n<p><strong>&nbsp;<\/strong><\/p>\n<p><u><strong>PL<\/strong>A<strong>NOS BASES<\/strong><\/u><\/p>\n<p><!-- \/wp:paragraph --><\/p>\n<p><!-- wp:paragraph --><\/p>\n<p><!-- \/wp:paragraph --><\/p>\n<p><!-- wp:paragraph --><\/p>\n<p><strong><a href=\"https:\/\/www.gihemar.com\/pdf\/concentracion\/HUETOS\/POL_1\">Poligono 1<\/a>&nbsp; &nbsp; &nbsp; &nbsp;&nbsp; <a href=\"https:\/\/www.gihemar.com\/pdf\/concentracion\/HUETOS\/POL_2\">Poligono 2<\/a> &nbsp; &nbsp; &nbsp; &nbsp; &nbsp; &nbsp; <a href=\"https:\/\/www.gihemar.com\/pdf\/concentracion\/HUETOS\/POL_3\">Poligono 3 &nbsp; &nbsp; &nbsp; &nbsp; &nbsp; &nbsp; <\/a> <a href=\"https:\/\/www.gihemar.com\/pdf\/concentracion\/HUETOS\/POL_4\">Poligono 4<\/a>&nbsp;&nbsp;&nbsp;&nbsp;&nbsp;&nbsp;&nbsp;&nbsp;&nbsp;&nbsp; <a href=\"https:\/\/www.gihemar.com\/pdf\/concentracion\/HUETOS\/POL_5\">Poligono 5<\/a> &nbsp; &nbsp; &nbsp; &nbsp; &nbsp; &nbsp; &nbsp; &nbsp; &nbsp;&nbsp; <a href=\"https:\/\/www.gihemar.com\/pdf\/concentracion\/HUETOS\/GENERAL\">General<\/a><\/strong><\/p>\n<p><!-- \/wp:paragraph --><\/p>\n<p><!-- wp:paragraph --><\/p>\n<p><!-- \/wp:paragraph --><\/p>\n<p><!-- wp:paragraph --><\/p>\n<p><\/p>\n<p><br><\/p>\n<p><br><\/p>\n<p>Para llevar a cabo la clasificaci\u00f3n de tierras de la zona de Huetos, han sido fijados por la Junta de Clasificaci\u00f3n NUEVE clases, en las que han sido clasificadas todas las parcelas de la zona incluidas en concentraci\u00f3n.<\/p>\n<p><!-- \/wp:paragraph --><\/p>\n<p><!-- wp:paragraph --><\/p>\n<p>Asimismo, han sido fijados los coeficientes (ptos\/m2) que servir\u00e1n de base para hacer las compensaciones de tierra cuando sea necesario<\/p>\n<p><!-- \/wp:paragraph --><\/p>\n<p><!-- wp:table --><\/p>\n<figure>\n<table>\n<tbody>\n<tr>\n<td><strong>CLASE<\/strong><\/td>\n<td><strong>COEFICIENTE<\/strong> <strong>(ptos\/m\u00b2)<\/strong><\/td>\n<td><strong>PARCELAS TIPO<\/strong><\/td>\n<\/tr>\n<tr>\n<td><strong>POL\u00cdGONO<\/strong><\/td>\n<td><strong>PARCELA<\/strong><\/td>\n<\/tr>\n<tr>\n<td><strong>I<\/strong> \u2013 1\u00aa REGAD\u00cdO<\/td>\n<td>1,00<\/td>\n<td>5<\/td>\n<td>1168<\/td>\n<\/tr>\n<tr>\n<td><strong>II<\/strong> \u2013 2\u00aa REGAD\u00cdO<\/td>\n<td>0,90<\/td>\n<td>1<\/td>\n<td>576<\/td>\n<\/tr>\n<tr>\n<td><strong>III<\/strong> \u2013 3\u00aa REGAD\u00cdO<\/td>\n<td>0,75<\/td>\n<td>1<\/td>\n<td>488<\/td>\n<\/tr>\n<tr>\n<td><strong>IV<\/strong> \u2013 1\u00aa SECANO<\/td>\n<td>0,95<\/td>\n<td>2<\/td>\n<td>584<\/td>\n<\/tr>\n<tr>\n<td><strong>V<\/strong> \u2013 2\u00aa SECANO<\/td>\n<td>0,85<\/td>\n<td>2<\/td>\n<td>1355<\/td>\n<\/tr>\n<tr>\n<td><strong>VI<\/strong> \u2013 3\u00aa SECANO<\/td>\n<td>0,75<\/td>\n<td>1<\/td>\n<td>112<\/td>\n<\/tr>\n<tr>\n<td><strong>VII<\/strong> \u2013 4\u00aa SECANO<\/td>\n<td>0,50<\/td>\n<td>1<\/td>\n<td>18<\/td>\n<\/tr>\n<tr>\n<td><strong>VII<\/strong>I \u2013 NO CULTIVADAS<\/td>\n<td>0,20<\/td>\n<td>1<\/td>\n<td>64<\/td>\n<\/tr>\n<tr>\n<td><strong>XIX<\/strong> &#8211; MONTE<\/td>\n<td>0,15<\/td>\n<td>5<\/td>\n<td>1272<\/td>\n<\/tr>\n<\/tbody>\n<\/table>\n<\/figure>\n<p><!-- \/wp:table --><\/p>\n<p><!-- wp:paragraph --><\/p>\n<p><strong>* * * * * TRABAJOS REALIZADOS&nbsp; * * * * *<\/strong><\/p>\n<p><!-- \/wp:paragraph --><\/p>\n<p><!-- wp:paragraph --><\/p>\n<p><strong>&#8211; INVESTIGACI\u00d3N DE LA PROPIEDAD. <\/strong><em>&#8211; <\/em><strong><em>realizada<\/em><\/strong><\/p>\n<p><!-- \/wp:paragraph --><\/p>\n<p><!-- wp:paragraph --><\/p>\n<p><strong>&#8211; DUPLICIDADES PENDIENTES.<\/strong> &#8211; <em><strong>resueltas<\/strong><\/em><\/p>\n<p><!-- \/wp:paragraph --><\/p>\n<p><!-- wp:paragraph --><\/p>\n<p><strong>&#8211; CLASIFICACI\u00d3N DE TIERRAS. &#8211;<em>realizada en la primavera del 2011<\/em><\/strong><\/p>\n<p><!-- \/wp:paragraph --><\/p>\n<p><!-- wp:paragraph --><\/p>\n<p><strong><em>&#8211;<\/em> E<\/strong><strong>LABOR<\/strong><strong>ACI\u00d3N Y ENTREGA <\/strong><strong>DE LAS BASES DE CONCENTRACI\u00d3N<\/strong>&nbsp;<\/p>\n<p><!-- \/wp:paragraph --><\/p>\n<p><!-- wp:paragraph --><\/p>\n<p><strong>&#8211; PLAN DE OBRAS <em>(Caminos)<\/em><\/strong><\/p>\n<p><strong><em>-ACUERDO DE CONCENTRACI\u00d3N<br><\/em><\/strong><\/p>\n<p><strong><em>&nbsp;<\/em><\/strong><\/p>\n<p><!-- \/wp:paragraph --><\/p>\n<p><!-- wp:paragraph --><\/p>\n<p><strong>* * * * * PR\u00d3XIMAS ACTUACIONES * * * *&nbsp; *<\/strong><\/p>\n<p><!-- \/wp:paragraph --><\/p>\n<p><!-- wp:paragraph --><\/p>\n<p><!-- \/wp:paragraph --><\/p>\n<p><!-- wp:paragraph --><\/p>\n<p><strong>AMOJONAMIENTO<\/strong> <\/p>\n<p><!-- \/wp:paragraph --><\/p>\n<p><!-- wp:paragraph --><\/p>\n<p><strong>&nbsp;<\/strong><\/p>\n<p><!-- \/wp:paragraph --><\/p>\n<p><!-- wp:separator --><\/p>\n<hr>\n<p><!-- \/wp:separator --><\/p><\/div>\n\t\t\t\t<\/div>\n\t\t\t\t<\/div>\n\t\t\t\t\t<\/div>\n\t\t<\/div>\n\t\t\t\t\t\t\t<\/div>\n\t\t<\/section>\n\t\t\t\t\t\t<\/div>\n\t\t\t\t\t<\/div>\n\t\t","protected":false},"excerpt":{"rendered":"<p>HUETOS. \u00b7 T\u00e9cnicos: \u00c1ngel Cano Sanz &#8211; acano@gihemar.com Rebeca Piquero Rodr\u00edguez &#8211; rebeca@gihemar.com \u00b7 Promotor: ASOCIACI\u00d3N DE PROPIETARIOS DE FINCAS R\u00daSTICAS DE HUETOS.&nbsp; \u00b7 Presentaci\u00f3n de la Solicitud: 24 &#8211; febrero &#8211; 2010 \u00b7 Resoluci\u00f3n Aprobatoria: 07 &#8211; octubre &#8211; 2010 por la Direcci\u00f3n General de Mejora Explotaciones Agrarias. \u00b7 Publicaci\u00f3n Resoluci\u00f3n: 04 &#8211; noviembre [&hellip;]<\/p>\n","protected":false},"author":2,"featured_media":0,"parent":0,"menu_order":0,"comment_status":"closed","ping_status":"closed","template":"","meta":{"footnotes":""},"class_list":["post-131","page","type-page","status-publish","hentry"],"_links":{"self":[{"href":"https:\/\/www.gihemar.com\/web3\/index.php\/wp-json\/wp\/v2\/pages\/131","targetHints":{"allow":["GET"]}}],"collection":[{"href":"https:\/\/www.gihemar.com\/web3\/index.php\/wp-json\/wp\/v2\/pages"}],"about":[{"href":"https:\/\/www.gihemar.com\/web3\/index.php\/wp-json\/wp\/v2\/types\/page"}],"author":[{"embeddable":true,"href":"https:\/\/www.gihemar.com\/web3\/index.php\/wp-json\/wp\/v2\/users\/2"}],"replies":[{"embeddable":true,"href":"https:\/\/www.gihemar.com\/web3\/index.php\/wp-json\/wp\/v2\/comments?post=131"}],"version-history":[{"count":27,"href":"https:\/\/www.gihemar.com\/web3\/index.php\/wp-json\/wp\/v2\/pages\/131\/revisions"}],"predecessor-version":[{"id":689,"href":"https:\/\/www.gihemar.com\/web3\/index.php\/wp-json\/wp\/v2\/pages\/131\/revisions\/689"}],"wp:attachment":[{"href":"https:\/\/www.gihemar.com\/web3\/index.php\/wp-json\/wp\/v2\/media?parent=131"}],"curies":[{"name":"wp","href":"https:\/\/api.w.org\/{rel}","templated":true}]}}