{"id":135,"date":"2021-03-13T10:14:24","date_gmt":"2021-03-13T10:14:24","guid":{"rendered":"https:\/\/www.gihemar.com\/web3\/?page_id=135"},"modified":"2021-03-15T15:07:01","modified_gmt":"2021-03-15T15:07:01","slug":"monasterio","status":"publish","type":"page","link":"https:\/\/www.gihemar.com\/web3\/index.php\/monasterio\/","title":{"rendered":"Monasterio"},"content":{"rendered":"\n<figure class=\"wp-block-table\"><table><tbody><tr><td>Monasterio<\/td><td><a href=\"..\/www-new\/index.php?view=article&amp;catid=22%3Aguadalajara&amp;id=72%3Amonasterio&amp;format=pdf&amp;option=com_content&amp;Itemid=59\"><\/a><\/td><td><a href=\"..\/www-new\/index.php?view=article&amp;catid=22%3Aguadalajara&amp;id=72%3Amonasterio&amp;tmpl=component&amp;print=1&amp;layout=default&amp;page=&amp;option=com_content&amp;Itemid=59\"><\/a><\/td><td><a href=\"..\/www-new\/index.php?option=com_mailto&amp;tmpl=component&amp;link=aHR0cDovL3d3dy5naWhlbWFyLmNvbS93d3ctbmV3L2luZGV4LnBocD9vcHRpb249Y29tX2NvbnRlbnQmdmlldz1hcnRpY2xlJmlkPTcyOm1vbmFzdGVyaW8mY2F0aWQ9MjI6Z3VhZGFsYWphcmEmSXRlbWlkPTU5\"><\/a><\/td><\/tr><\/tbody><\/table><\/figure>\n\n\n\n<h2 class=\"wp-block-heading\"><img loading=\"lazy\" decoding=\"async\" alt=\" \" src=\"..\/www-new\/pdf\/concentracion\/MONASTERIO\/monasterio.jpg\" width=\"160\" height=\"120\">Monasterio<\/h2>\n\n\n\n<h2 class=\"wp-block-heading\"><img decoding=\"async\" alt=\" \" src=\"c:%5CEVA%20HENCHE%5CCONDEMIOS%5CIMAGENESMONASTERIO-CONDEMIOS%5CIMAGENESEVA%20056.jpg\"><\/h2>\n\n\n\n<p><strong>\u00b7 T\u00e9cnico:<\/strong><\/p>\n\n\n\n<p>\u00c1ngel Cano Sanz &#8211; <a href=\"http:\/\/mce_host\/web1\/mail to: acano@gihemar.com\">acano@gihemar.com<\/a><\/p>\n\n\n\n<p><strong>\u00b7 <\/strong><strong>Promotor:<\/strong> Asociaci\u00f3n Monasterio<\/p>\n\n\n\n<p><strong>\u00b7 Presentaci\u00f3n de la Solicitud:<\/strong> 27 &#8211; febrero &#8211; 2004<\/p>\n\n\n\n<p><strong>\u00b7 Resoluci\u00f3n Aprobatoria:<\/strong> 5 &#8211; agosto &#8211; 2005 por la Direcci\u00f3n General de Producci\u00f3n Agropecuaria<\/p>\n\n\n\n<p><strong>\u00b7 <\/strong><strong>Publicaci\u00f3n Resoluci\u00f3n:<\/strong> 30 &#8211; agosto &#8211; 2004,&nbsp; <a href=\"http:\/\/gihemar.com\/pdf\/concentracion\/MONASTERIO\/DOCM.pdf\">D.O.C.M. n\u00ba 158<\/a><\/p>\n\n\n\n<p>La concentraci\u00f3n parcelaria de car\u00e1cter privado de la zona de Monasterio, t\u00e9rmino municipal de Monasterio, provincia de Guadalajara, fue autorizada por Resoluci\u00f3n de la Direcci\u00f3n General de Producci\u00f3n Agropecuaria, de 5 de agosto de 2004, publicada en el Diario Oficial de Castilla-La Mancha n\u00famero 158, de 30 de agosto de 2004, y en el tabl\u00f3n de anuncios del Ayuntamiento durante los d\u00edas 7, 8 y 9 de septiembre de 2004.<\/p>\n\n\n\n<p>&nbsp;Por Resoluci\u00f3n de la Direcci\u00f3n General de Mejora de Explotaciones Agrarias, de la Consejer\u00eda de Agricultura, de 26 de octubre de 2005, se prorrog\u00f3 el plazo para la presentaci\u00edn de las correspondientes bases.<\/p>\n\n\n\n<p>&nbsp;&nbsp;Mediante Resoluci\u00f3n de 16 de mayo de 2005, publicada en el D.O.C.M. n\u00famero 119, de 15 de junio de 2005, la Direcci\u00f3n General de Calidad Ambiental se pronunci\u00f3 sobre la evaluaci\u00f3n ambiental preliminar de la concentraci\u00f3n parcelaria de referencia, expediente PL\/CP\/GU\/574, concluyendo que no es necesario someterla a evaluaci\u00f3n ambiental preliminar, siempre que se lleve a cabo seg\u00fan los t\u00e9rminos establecidos en el informe ambiental presentado por el promotor.<\/p>\n\n\n\n<p>Las bases de la concentraci\u00f3n fueron aprobadas por Resoluci\u00f3n de la Direcci\u00f3n General de Mejora de Explotaciones Agrarias, de la Consejer\u00ed\u00ada de Agricultura, de 29 de marzo de 2007, publicada en el D.O.C.M. n\u00famero 250, de 1 de diciembre de 2006, y en el tabl\u00f3 de anuncios del Ayuntamiento durante los d\u00edas 23, 24 y 25 de noviembre de 2006, habiendo sido declaradas firmes en v\u00eda&nbsp; administrativa el 28 de agosto de 2007.<\/p>\n\n\n\n<p>&nbsp;&nbsp;Por Resoluci\u00f3n de la Consejer\u00eda de Agricultura y Desarrollo Rural, de 27 de marzo de 2009, se aprob\u00f3 el Plan de obras inherentes a la concentraci\u00f3n parcelaria de car\u00e1ter privado de la zona de Monasterio (Guadalajara).<\/p>\n\n\n\n<p>&nbsp;&nbsp;La documentaci\u00f3n correspondiente al acuerdo de concentraci\u00f3 parcelaria fue presentada el 26 de marzo de 2010, habiendo sido informada favorablemente el 10 de junio de 2010 por la Delegaci\u00f3 Provincial que ha propuesto su aprobaci\u00f3n.<\/p>\n\n\n\n<p>&nbsp;&nbsp;Por <a href=\"http:\/\/gihemar.com\/pdf\/concentracion\/MONASTERIO\/4%20APROBACION%20ACUERDO.pdf\">Resoluci\u00f3n <\/a>de 9 de septiembre de 2010 de la Delegaci\u00f3n provincial de Agricultura y Medio Ambiente de Guadalajara, se aprueba el acuerdo de concentraci\u00f3n.<\/p>\n","protected":false},"excerpt":{"rendered":"<p>Monasterio Monasterio \u00b7 T\u00e9cnico: \u00c1ngel Cano Sanz &#8211; acano@gihemar.com \u00b7 Promotor: Asociaci\u00f3n Monasterio \u00b7 Presentaci\u00f3n de la Solicitud: 27 &#8211; febrero &#8211; 2004 \u00b7 Resoluci\u00f3n Aprobatoria: 5 &#8211; agosto &#8211; 2005 por la Direcci\u00f3n General de Producci\u00f3n Agropecuaria \u00b7 Publicaci\u00f3n Resoluci\u00f3n: 30 &#8211; agosto &#8211; 2004,&nbsp; D.O.C.M. n\u00ba 158 La concentraci\u00f3n parcelaria de car\u00e1cter privado [&hellip;]<\/p>\n","protected":false},"author":2,"featured_media":0,"parent":0,"menu_order":0,"comment_status":"closed","ping_status":"closed","template":"","meta":{"footnotes":""},"class_list":["post-135","page","type-page","status-publish","hentry"],"_links":{"self":[{"href":"https:\/\/www.gihemar.com\/web3\/index.php\/wp-json\/wp\/v2\/pages\/135","targetHints":{"allow":["GET"]}}],"collection":[{"href":"https:\/\/www.gihemar.com\/web3\/index.php\/wp-json\/wp\/v2\/pages"}],"about":[{"href":"https:\/\/www.gihemar.com\/web3\/index.php\/wp-json\/wp\/v2\/types\/page"}],"author":[{"embeddable":true,"href":"https:\/\/www.gihemar.com\/web3\/index.php\/wp-json\/wp\/v2\/users\/2"}],"replies":[{"embeddable":true,"href":"https:\/\/www.gihemar.com\/web3\/index.php\/wp-json\/wp\/v2\/comments?post=135"}],"version-history":[{"count":2,"href":"https:\/\/www.gihemar.com\/web3\/index.php\/wp-json\/wp\/v2\/pages\/135\/revisions"}],"predecessor-version":[{"id":310,"href":"https:\/\/www.gihemar.com\/web3\/index.php\/wp-json\/wp\/v2\/pages\/135\/revisions\/310"}],"wp:attachment":[{"href":"https:\/\/www.gihemar.com\/web3\/index.php\/wp-json\/wp\/v2\/media?parent=135"}],"curies":[{"name":"wp","href":"https:\/\/api.w.org\/{rel}","templated":true}]}}