{"id":137,"date":"2021-03-13T10:14:35","date_gmt":"2021-03-13T10:14:35","guid":{"rendered":"https:\/\/www.gihemar.com\/web3\/?page_id=137"},"modified":"2021-03-15T15:18:22","modified_gmt":"2021-03-15T15:18:22","slug":"ocentejo","status":"publish","type":"page","link":"https:\/\/www.gihemar.com\/web3\/index.php\/ocentejo\/","title":{"rendered":"Ocentejo"},"content":{"rendered":"\n<figure class=\"wp-block-table\"><table><tbody><tr><td>Ocentejo<\/td><td><a href=\"..\/www-new\/index.php?view=article&amp;catid=22%3Aguadalajara&amp;id=75%3Aocentejo&amp;format=pdf&amp;option=com_content&amp;Itemid=59\"><\/a><\/td><td><a href=\"..\/www-new\/index.php?view=article&amp;catid=22%3Aguadalajara&amp;id=75%3Aocentejo&amp;tmpl=component&amp;print=1&amp;layout=default&amp;page=&amp;option=com_content&amp;Itemid=59\"><\/a><\/td><td><a href=\"..\/www-new\/index.php?option=com_mailto&amp;tmpl=component&amp;link=aHR0cDovL3d3dy5naWhlbWFyLmNvbS93d3ctbmV3L2luZGV4LnBocD9vcHRpb249Y29tX2NvbnRlbnQmdmlldz1hcnRpY2xlJmlkPTc1Om9jZW50ZWpvJmNhdGlkPTIyOmd1YWRhbGFqYXJhJkl0ZW1pZD01OQ==\"><\/a><\/td><\/tr><\/tbody><\/table><\/figure>\n\n\n\n<h2 class=\"wp-block-heading\">Ocentejo<\/h2>\n\n\n\n<h2 class=\"wp-block-heading\"><img decoding=\"async\" alt=\" \" src=\"c:%5CEVA%20HENCHE%5CCONDEMIOS%5CIMAGENESMONASTERIO-CONDEMIOS%5CIMAGENESEVA%20056.jpg\"><\/h2>\n\n\n\n<p><strong>\u00b7 T\u00e9cnico:<\/strong><\/p>\n\n\n\n<p>\u00c1ngel Cano Sanz &#8211; <a href=\"mailto:acano@gihemar.com\">acano@gihemar.com<\/a> Esta direcci\u00f3n electr\u00f3nica esta protegida contra spam bots. Necesita activar JavaScript para visualizarla<\/p>\n\n\n\n<p>Rebeca Piquero Rodr\u00edguez &#8211; <a href=\"http:\/\/mce_host\/web1\/mail%20to:%20rebeca@gihemar.com\">rebeca@gihemar.com<\/a><\/p>\n\n\n\n<p><strong>\u00b7 <\/strong><strong>Promotor:<\/strong> Asociaci\u00f3n Proconcentraci\u00f3n Parcelaria de Ocentejo<br><br><strong>\u00b7 Presentaci\u00f3n de la Solicitud:<\/strong> 25 &#8211; febrero &#8211; 2005<\/p>\n\n\n\n<p><strong>\u00b7 Resoluci\u00f3n Aprobatoria:<\/strong> 20 &#8211; septiembre &#8211; 2005 por la Direcci\u00f3n General de Producci\u00f3n Agropecuaria<\/p>\n\n\n\n<p><strong>\u00b7 Publicaci\u00f3n Resoluci\u00f3n:<\/strong> 6 &#8211; octubre &#8211; 2005,\u00a0 <a href=\"https:\/\/www.gihemar.com\/pdf\/concentracion\/OCENTEJO\/DOCM.pdf\">D.O.C.M. n\u00ba 200<\/a><\/p>\n\n\n\n<p>A CONTINUACI\u00d3N PUEDEN CONSULTAR LOS <strong>PLANOS<\/strong>, &nbsp;Y LA <strong>RESOLUCI\u00d3N<\/strong> POR LA QUE SE APRUEBA EL <strong>ACUERDO DE CONCENTRACI\u00d3N PARCELARIA DE CAR\u00c1CTER PRIVADO DE LA ZONA DE OCENTEJO (GUADALAJARA)<\/strong>.<\/p>\n\n\n\n<ul class=\"wp-block-list\"><li><strong>ACUERDO DE CONCENTRACI\u00d3N<\/strong><\/li><\/ul>\n\n\n\n<p><strong>Planos:<\/strong><\/p>\n\n\n\n<p><a href=\"https:\/\/www.gihemar.com\/pdf\/concentracion\/OCENTEJO\/ACUERDO\/GENERAL\">PLANO GENERAL,<\/a> <a href=\"https:\/\/www.gihemar.com\/pdf\/concentracion\/OCENTEJO\/ACUERDO\/POLIGONO_1011\">POL\u00cdGONO 101<\/a> , <a href=\"https:\/\/www.gihemar.com\/pdf\/concentracion\/OCENTEJO\/ACUERDO\/POLIGONO_102\">POL\u00cdGONO 102<\/a> , <a href=\"https:\/\/www.gihemar.com\/pdf\/concentracion\/OCENTEJO\/ACUERDO\/POLIGONO_103\">POL\u00cdGONO 103<\/a> , <a href=\"https:\/\/www.gihemar.com\/pdf\/concentracion\/OCENTEJO\/ACUERDO\/POLIGONO_104\">POL\u00cdGONO 104<\/a>, <a href=\"https:\/\/www.gihemar.com\/pdf\/concentracion\/OCENTEJO\/ACUERDO\/POLIGONO_105\">POL\u00cdGONO 105<\/a><\/p>\n\n\n\n<p>RESOLUCI\u00d3N APROBATORIA: <a href=\"https:\/\/www.gihemar.com\/pdf\/concentracion\/OCENTEJO\/ACUERDO\/RESOLUCION\"><strong>06 -JUNIO &#8211; 2012<\/strong><\/a> de la Direcci\u00f3n General de Infraestructuras y Desarrollo Rural.<\/p>\n\n\n\n<p>&#8211; PUBLICACI\u00d3N RESOLUCI\u00d3N: <strong>05 de Julio del 2012<\/strong>. D.O.C.M N\u00ba 131<\/p>\n\n\n\n<ul class=\"wp-block-list\"><li><strong>AMOJONAMIENTO<\/strong><\/li><\/ul>\n\n\n\n<p><a href=\"https:\/\/www.gihemar.com\/pdf\/concentracion\/OCENTEJO\/AMOJONAMIENTO\/GENERAL.pdf\">Plano General<\/a>\u00a0 <a href=\"https:\/\/www.gihemar.com\/pdf\/concentracion\/OCENTEJO\/AMOJONAMIENTO\/P-101.pdf\">P-101<\/a>\u00a0 <a href=\"https:\/\/www.gihemar.com\/pdf\/concentracion\/OCENTEJO\/AMOJONAMIENTO\/P-102.pdf\">P-102<\/a>\u00a0 <a href=\"https:\/\/www.gihemar.com\/pdf\/concentracion\/OCENTEJO\/AMOJONAMIENTO\/P-103.pdf\">P-103<\/a>\u00a0 <a href=\"https:\/\/www.gihemar.com\/pdf\/concentracion\/OCENTEJO\/AMOJONAMIENTO\/P-104.pdf\">P-104<\/a>\u00a0\u00a0 <a href=\"https:\/\/www.gihemar.com\/pdf\/concentracion\/OCENTEJO\/AMOJONAMIENTO\/P-105.pdf\">P-105<\/a><\/p>\n\n\n\n<p><br><strong>\u00b7<\/strong><\/p>\n\n\n\n<p>&#8211; PRESENTACI\u00d3N DE LAS BASES:&nbsp; <strong><em>20 \/Diciembre \/ 2007<\/em><\/strong><\/p>\n\n\n\n<p>&#8211; RESOLUCI\u00d3N APROBATORIA: <strong><em>08 \/ ABRIL \/ 2008<\/em><\/strong><\/p>\n\n\n\n<p>&#8211; PUBLICACI\u00d3N RESOLUCI\u00d3N:<strong><em> 25 \/ ABRIL \/ 2008<\/em><\/strong>, <a href=\"https:\/\/www.gihemar.com\/pdf\/concentracion\/OCENTEJO\/178246_1.pdf\">D.O.C.M n\u00ba 86<\/a><\/p>\n\n\n\n<p><br><br>\u00b7 Planos: <a href=\"https:\/\/www.gihemar.com\/pdf\/concentracion\/OCENTEJO\/pol1.pdf\">P1<\/a> , <a href=\"https:\/\/www.gihemar.com\/pdf\/concentracion\/OCENTEJO\/pol2.pdf\">P2<\/a> , <a href=\"..\/pdf\/concentracion\/OCENTEJO\/pol3.pdf\">P3<\/a> , <a href=\"https:\/\/www.gihemar.com\/pdf\/concentracion\/OCENTEJO\/pol4.pdf\">P4<\/a> , <a href=\"https:\/\/www.gihemar.com\/pdf\/concentracion\/OCENTEJO\/pol5.pdf\">P5<\/a> , <a href=\"https:\/\/www.gihemar.com\/pdf\/concentracion\/OCENTEJO\/pol6.pdf\">P6<\/a> , <a href=\"https:\/\/www.gihemar.com\/pdf\/concentracion\/OCENTEJO\/GENERAL.pdf\">GENERAL<\/a><\/p>\n","protected":false},"excerpt":{"rendered":"<p>Ocentejo Ocentejo \u00b7 T\u00e9cnico: \u00c1ngel Cano Sanz &#8211; acano@gihemar.com Esta direcci\u00f3n electr\u00f3nica esta protegida contra spam bots. Necesita activar JavaScript para visualizarla Rebeca Piquero Rodr\u00edguez &#8211; rebeca@gihemar.com \u00b7 Promotor: Asociaci\u00f3n Proconcentraci\u00f3n Parcelaria de Ocentejo \u00b7 Presentaci\u00f3n de la Solicitud: 25 &#8211; febrero &#8211; 2005 \u00b7 Resoluci\u00f3n Aprobatoria: 20 &#8211; septiembre &#8211; 2005 por la Direcci\u00f3n [&hellip;]<\/p>\n","protected":false},"author":2,"featured_media":0,"parent":0,"menu_order":0,"comment_status":"closed","ping_status":"closed","template":"","meta":{"footnotes":""},"class_list":["post-137","page","type-page","status-publish","hentry"],"_links":{"self":[{"href":"https:\/\/www.gihemar.com\/web3\/index.php\/wp-json\/wp\/v2\/pages\/137","targetHints":{"allow":["GET"]}}],"collection":[{"href":"https:\/\/www.gihemar.com\/web3\/index.php\/wp-json\/wp\/v2\/pages"}],"about":[{"href":"https:\/\/www.gihemar.com\/web3\/index.php\/wp-json\/wp\/v2\/types\/page"}],"author":[{"embeddable":true,"href":"https:\/\/www.gihemar.com\/web3\/index.php\/wp-json\/wp\/v2\/users\/2"}],"replies":[{"embeddable":true,"href":"https:\/\/www.gihemar.com\/web3\/index.php\/wp-json\/wp\/v2\/comments?post=137"}],"version-history":[{"count":10,"href":"https:\/\/www.gihemar.com\/web3\/index.php\/wp-json\/wp\/v2\/pages\/137\/revisions"}],"predecessor-version":[{"id":322,"href":"https:\/\/www.gihemar.com\/web3\/index.php\/wp-json\/wp\/v2\/pages\/137\/revisions\/322"}],"wp:attachment":[{"href":"https:\/\/www.gihemar.com\/web3\/index.php\/wp-json\/wp\/v2\/media?parent=137"}],"curies":[{"name":"wp","href":"https:\/\/api.w.org\/{rel}","templated":true}]}}