{"id":139,"date":"2021-03-13T10:14:45","date_gmt":"2021-03-13T10:14:45","guid":{"rendered":"https:\/\/www.gihemar.com\/web3\/?page_id=139"},"modified":"2021-11-29T15:07:10","modified_gmt":"2021-11-29T15:07:10","slug":"romancos","status":"publish","type":"page","link":"https:\/\/www.gihemar.com\/web3\/index.php\/romancos\/","title":{"rendered":"Romancos"},"content":{"rendered":"\t\t<div data-elementor-type=\"wp-page\" data-elementor-id=\"139\" class=\"elementor elementor-139\" data-elementor-settings=\"[]\">\n\t\t\t\t\t\t\t<div class=\"elementor-section-wrap\">\n\t\t\t\t\t\t\t<section class=\"elementor-section elementor-top-section elementor-element elementor-element-2903e6d3 elementor-section-boxed elementor-section-height-default elementor-section-height-default\" data-id=\"2903e6d3\" data-element_type=\"section\">\n\t\t\t\t\t\t<div class=\"elementor-container elementor-column-gap-default\">\n\t\t\t\t\t<div class=\"elementor-column elementor-col-100 elementor-top-column elementor-element elementor-element-3ebba72e\" data-id=\"3ebba72e\" data-element_type=\"column\">\n\t\t\t<div class=\"elementor-widget-wrap elementor-element-populated\">\n\t\t\t\t\t\t\t\t<div class=\"elementor-element elementor-element-4ec408e7 elementor-widget elementor-widget-text-editor\" data-id=\"4ec408e7\" data-element_type=\"widget\" data-widget_type=\"text-editor.default\">\n\t\t\t\t<div class=\"elementor-widget-container\">\n\t\t\t\t\t<div class=\"elementor-text-editor elementor-clearfix\"><p><!-- wp:table --><\/p>\n<figure>\n<table>\n<tbody>\n<tr>\n<td>________________<\/td>\n<td>&nbsp;<\/td>\n<td>&nbsp;<\/td>\n<td>&nbsp;<\/td>\n<\/tr>\n<\/tbody>\n<\/table>\n<\/figure>\n<p><!-- \/wp:table --><\/p>\n<p><!-- wp:paragraph {\"align\":\"center\"} --><\/p>\n<p><strong>\u00b7 Promotor:<\/strong> <strong>ASOCIACI\u00d3N DE PROPIETARIOS \u00abEL LLANO\u00bb DE ROMANCOS.<\/strong><\/p>\n<p><!-- \/wp:paragraph --><\/p>\n<p><!-- wp:paragraph --><\/p>\n<p><!-- \/wp:paragraph --><\/p>\n<p><!-- wp:heading {\"style\":{\"typography\":{\"fontSize\":18}}} --><\/p>\n<h2 style=\"font-size: 18px;\"><strong>\u00b7 T\u00e9cnicos:<\/strong><\/h2>\n<p><!-- \/wp:heading --><\/p>\n<p><!-- wp:paragraph --><\/p>\n<p>\u00c1ngel Cano Sanz &#8211; <a href=\"mailto:acano@gihemar.com\">acano@gihemar.com<\/a><\/p>\n<p><!-- \/wp:paragraph --><\/p>\n<p><!-- wp:paragraph --><\/p>\n<p>Jes\u00fas Herrero Aragoneses &#8211;<a href=\"http:\/\/mce_host\/web1\/mail to: jherrero@gihemar.com\">jherrero@gihemar.com<\/a><\/p>\n<p><!-- \/wp:paragraph --><\/p>\n<p><!-- wp:paragraph --><\/p>\n<p>&nbsp;Rebeca Piquero Rodr\u00edguez &#8211; <a href=\"http:\/\/mce_host\/web1\/mail%20to:%20rebeca@gihemar.com\">rebeca@gihemar.com<\/a><\/p>\n<p><!-- \/wp:paragraph --><\/p>\n<p><!-- wp:paragraph --><\/p>\n<p><!-- \/wp:paragraph --><\/p>\n<p><!-- wp:paragraph --><\/p>\n<p><strong>\u00b7 <\/strong>Presentaci\u00f3n de la Solicitud: <em><strong>27 &#8211; febrero &#8211; 2008<\/strong><\/em><\/p>\n<p><!-- \/wp:paragraph --><\/p>\n<p><!-- wp:paragraph --><\/p>\n<p>\u00b7 Resoluci\u00f3n Aprobatoria:<strong><em> 9 &#8211; agosto &#8211; 2009<\/em><\/strong> por la Direcci\u00f3n General de Desarrollo Rural<\/p>\n<p><!-- \/wp:paragraph --><\/p>\n<p><!-- wp:paragraph --><\/p>\n<p><em>\u00b7 Publicaci\u00f3n Resoluci\u00f3n:<\/em> <em><strong>30 &#8211; agosto &#8211; 2009<\/strong><\/em>,&nbsp; <a href=\"http:\/\/docm.jccm.es\/portaldocm\/descargarArchivo.do?ruta=2009\/09\/25\/pdf\/2009_13774.pdf&amp;tipo=rutaDocm\" target=\"_blank\" rel=\"noreferrer noopener\">D.O.C.M. n\u00ba 188<\/a><\/p>\n<p>&nbsp;<\/p>\n<p><strong>&nbsp;<\/strong><\/p>\n<p><strong>&nbsp;&#8212;&#8212;&#8212;&#8212;&#8212;&#8212;&#8212;&#8212;&#8212;&#8212;&#8212;&#8212;&#8212;&#8212;&#8212;&#8212;&#8212;&#8212;&#8212;&#8212;&#8212;&#8212;&#8212;&#8212;&#8212;&#8212;&#8212;&#8212;&#8212;&#8212;&#8212;&#8212;&#8212;&#8212;&#8212;&#8212;&#8212;&#8212;&#8212;&#8212;&#8212;&#8212;&#8212;&#8212;&#8212;&#8212;&#8212;&#8212;&#8212;&#8212;&#8212;&#8212;&#8212;&#8212;&#8212;&#8212;&#8212;&#8212;&#8212;&#8212;&#8212;&#8212;-<\/strong><\/p>\n<p><strong>&nbsp;<\/strong><\/p>\n<p><strong>PLANOS AMOJONAMIENTO<\/strong><\/p>\n<p><a href=\"http:\/\/gihemar.com\/pdf\/concentracion\/ROMANCOS\/P108.pdf\" target=\"_blank\">P-108<\/a>&nbsp;&nbsp;&nbsp;&nbsp;&nbsp; <a target=\"_blank\" href=\"http:\/\/gihemar.com\/pdf\/concentracion\/ROMANCOS\/P109.pdf\">P-109<\/a>&nbsp;&nbsp;&nbsp; <a href=\"http:\/\/gihemar.com\/pdf\/concentracion\/ROMANCOS\/P110.pdf\" target=\"_blank\">P-110<\/a>&nbsp;&nbsp;&nbsp; <a href=\"http:\/\/gihemar.com\/pdf\/concentracion\/ROMANCOS\/P144.pdf\" target=\"_blank\">P-144<\/a><\/p>\n<p><a target=\"_blank\" href=\"http:\/\/gihemar.com\/pdf\/concentracion\/ROMANCOS\/GENERAL.pdf\">GENERAL<\/a><\/p>\n<p><!-- \/wp:paragraph --><\/p>\n<p><!-- wp:paragraph --><\/p>\n<p><!-- \/wp:paragraph --><\/p>\n<p><!-- wp:paragraph {\"align\":\"center\"} --><\/p>\n<p>&nbsp;<\/p>\n<p><!-- \/wp:paragraph --><\/p>\n<p><!-- wp:separator --><\/p>\n<hr>\n<p><!-- \/wp:separator --><\/p>\n<p><!-- wp:paragraph --><\/p>\n<p><!-- \/wp:paragraph --><\/p>\n<p><!-- wp:paragraph {\"align\":\"center\",\"fontSize\":\"medium\"} --><\/p>\n<p><strong>ACUERDO DE CONCENTRACI\u00d3N<\/strong><\/p>\n<p><!-- \/wp:paragraph --><\/p>\n<p><!-- wp:paragraph --><\/p>\n<p>Resoluci\u00f3n de 25\/02\/2021, de la Delegaci\u00f3n Provincial de Agricultura, Agua y Desarrollo Rural de Guadalajara, por la que se ordena la publicaci\u00f3n del aviso relativo a la Resoluci\u00f3n de la&nbsp;Direcci\u00f3n General de Desarrollo&nbsp;rural de 23\/02\/2021, por la que se modifican las Bases&nbsp;y se aprueba el acuerdo de la concentraci\u00f3n parcelaria de car\u00e1cter rpviado de la zona de Romancos, t\u00e9rmino municipal de Brihuega (Guadalajara)&nbsp;<a href=\"http:\/\/gihemar.com\/pdf\/concentracion\/ROMANCOS\/9%20PUBLICACION%20ACUERDO.pdf\">D.O.C.M. &nbsp;N\u00ba 43 de 4 de marzo.<\/a><\/p>\n<p><!-- \/wp:paragraph --><\/p>\n<p><!-- wp:paragraph {\"align\":\"center\"} --><\/p>\n<p><strong>PLANOS ACUERDO<\/strong><\/p>\n<p><!-- \/wp:paragraph --><\/p>\n<p><!-- wp:paragraph {\"align\":\"center\"} --><\/p>\n<p><strong><a href=\"http:\/\/gihemar.com\/pdf\/concentracion\/ROMANCOS\/ACUERDO_P-108.pdf\">P-108<\/a>&nbsp;&nbsp;&nbsp;&nbsp;&nbsp;&nbsp; <a href=\"http:\/\/gihemar.com\/pdf\/concentracion\/ROMANCOS\/ACUERDO_P-109.pdf\">P-109<\/a>&nbsp;&nbsp;&nbsp;&nbsp;&nbsp; <a href=\"http:\/\/gihemar.com\/pdf\/concentracion\/ROMANCOS\/ACUERDO_P-110.pdf\">P-110<\/a>&nbsp;&nbsp;&nbsp;&nbsp;&nbsp; <a href=\"http:\/\/gihemar.com\/pdf\/concentracion\/ROMANCOS\/ACUERDO_P-144.pdf\">P-144<\/a><\/strong><\/p>\n<p><!-- \/wp:paragraph --><\/p>\n<p><!-- wp:paragraph {\"align\":\"center\"} --><\/p>\n<p>&nbsp;&nbsp;&nbsp;&nbsp;&nbsp;&nbsp;&nbsp;&nbsp;&nbsp;&nbsp;&nbsp;&nbsp;&nbsp;&nbsp;&nbsp;&nbsp;&nbsp;&nbsp;&nbsp;&nbsp;&nbsp;&nbsp;&nbsp;&nbsp;&nbsp;&nbsp;&nbsp;&nbsp;<strong> <a href=\"http:\/\/gihemar.com\/pdf\/concentracion\/ROMANCOS\/GENERAL_ACUERDO.pdf\">GENERAL<\/a><\/strong><\/p>\n<p><!-- \/wp:paragraph --><\/p>\n<p><!-- wp:paragraph --><\/p>\n<p>______________________________________________________________________________________________________________________________<\/p>\n<p><!-- \/wp:paragraph --><\/p>\n<p><!-- wp:paragraph --><\/p>\n<p>Para llevar a cabo la clasificaci\u00f3n de tierras de la zona de Romancos, se fijaron por la Junta de Clasificaci\u00f3n CINCO clases, en las que han sido clasificadas todas las parcelas de la zona incluidas en concentraci\u00f3n.<\/p>\n<p><!-- \/wp:paragraph --><\/p>\n<p><!-- wp:paragraph --><\/p>\n<p>Asimismo, han sido fijados los coeficientes (puntos\/m2) que servir\u00e1n de base para hacer las compensaciones de tierra cuando sea necesario:<\/p>\n<p><!-- \/wp:paragraph --><\/p>\n<p><!-- wp:paragraph {\"align\":\"center\"} --><\/p>\n<p>Clase 1\u00aa\u2026\u2026\u2026\u2026\u2026\u2026\u2026\u2026\u2026\u2026\u2026\u2026\u2026\u2026\u2026\u2026\u2026\u2026\u2026 1.00 ptos\/m<sup>2<\/sup><\/p>\n<p><!-- \/wp:paragraph --><\/p>\n<p><!-- wp:paragraph {\"align\":\"center\"} --><\/p>\n<p>Clase 2\u00aa\u2026\u2026\u2026\u2026\u2026\u2026\u2026\u2026\u2026\u2026\u2026\u2026\u2026\u2026\u2026\u2026\u2026\u2026\u2026 0.95 ptos\/m<sup>2<\/sup><\/p>\n<p><!-- \/wp:paragraph --><\/p>\n<p><!-- wp:paragraph {\"align\":\"center\"} --><\/p>\n<p>Clase 3\u00aa\u2026\u2026\u2026\u2026\u2026\u2026\u2026\u2026\u2026\u2026\u2026\u2026\u2026\u2026\u2026\u2026\u2026\u2026\u2026 0.90 ptos\/m<sup>2<\/sup><\/p>\n<p><!-- \/wp:paragraph --><\/p>\n<p><!-- wp:paragraph {\"align\":\"center\"} --><\/p>\n<p>Clase 4\u00aa\u2026\u2026\u2026\u2026\u2026\u2026\u2026\u2026\u2026\u2026\u2026\u2026\u2026\u2026\u2026\u2026\u2026\u2026\u2026 0.85 ptos\/m<sup>2<\/sup><\/p>\n<p><!-- \/wp:paragraph --><\/p>\n<p><!-- wp:paragraph {\"align\":\"center\"} --><\/p>\n<p>Clase 5\u00aa\u2026\u2026\u2026\u2026\u2026\u2026\u2026\u2026\u2026\u2026\u2026\u2026\u2026\u2026\u2026\u2026\u2026\u2026\u2026 0.80 ptos\/m<sup>2<\/sup><\/p>\n<p><!-- \/wp:paragraph --><\/p>\n<p><!-- wp:paragraph --><\/p>\n<p><!-- \/wp:paragraph --><\/p>\n<p><!-- wp:paragraph --><\/p>\n<p><strong>BASES DE CONCENTRACI\u00d3N PARCELARIA.<\/strong><\/p>\n<p><!-- \/wp:paragraph --><\/p>\n<p><!-- wp:paragraph --><\/p>\n<p>Las Bases de Concentraci\u00f3n Parcelaria han sido aprobadas por la Direcci\u00f3n General de Infraestructuras y Desarrollo Rural a fecha de 28\/09\/2012 y publicadas en el D.O.C.M n\u00ba 206 a fecha de 22 de Octubre del 2012.<\/p>\n<p><!-- \/wp:paragraph --><\/p>\n<p><!-- wp:paragraph --><\/p>\n<p><em>\u00b7 Publicaci\u00f3n Resoluci\u00f3n:<\/em> <em><strong>28 &#8211; Septiembre &#8211; 2012<\/strong><\/em>,&nbsp; <a href=\"http:\/\/gihemar.com\/pdf\/concentracion\/ROMANCOS\/APROBACION_BASES_ROMANCOS\" target=\"_blank\" rel=\"noreferrer noopener\">D.O.C.M. n\u00ba 206<\/a><\/p>\n<p><!-- \/wp:paragraph --><\/p>\n<p><!-- wp:paragraph --><\/p>\n<p>Pol\u00edgonos : <strong><a href=\"http:\/\/gihemar.com\/pdf\/concentracion\/ROMANCOS\/POLIGONO_8\">Poligono 8<\/a> ,&nbsp;&nbsp;<a href=\"http:\/\/gihemar.com\/pdf\/concentracion\/ROMANCOS\/POLIGONO_9\"> Poligono 9<\/a> ,&nbsp;&nbsp;<a href=\"http:\/\/gihemar.com\/pdf\/concentracion\/ROMANCOS\/POLIGONO_10\"> Poligono 10<\/a> , &nbsp;<\/strong><strong><a href=\"http:\/\/gihemar.com\/pdf\/concentracion\/ROMANCOS\/POLIGONO_44\">Poligono 44<\/a><a href=\"http:\/\/gihemar.com\/pdf\/concentracion\/ROMANCOS\/PLANOS_BASES_CONCENTRACION\/POLIGONO_44\">, <\/a><a href=\"http:\/\/gihemar.com\/pdf\/concentracion\/ROMANCOS\/GENERAL\">GENERAL<\/a><\/strong><\/p>\n<p><!-- \/wp:paragraph --><\/p>\n<p><!-- wp:paragraph --><\/p>\n<p><!-- \/wp:paragraph --><\/p>\n<p><!-- wp:paragraph --><\/p>\n<p><!-- \/wp:paragraph --><\/p>\n<p><!-- wp:paragraph --><\/p>\n<p><em><br><\/em><strong><em>\u00b7 Pr\u00f3ximas actuaciones:<\/em><\/strong><\/p>\n<p><!-- \/wp:paragraph --><\/p>\n<p><!-- wp:paragraph --><\/p>\n<p><strong>AMOJONAMIENTO<\/strong> (Tras aprobaci\u00f3n del acuerdo)<\/p>\n<p><!-- \/wp:paragraph --><\/p><\/div>\n\t\t\t\t<\/div>\n\t\t\t\t<\/div>\n\t\t\t\t\t<\/div>\n\t\t<\/div>\n\t\t\t\t\t\t\t<\/div>\n\t\t<\/section>\n\t\t\t\t\t\t<\/div>\n\t\t\t\t\t<\/div>\n\t\t","protected":false},"excerpt":{"rendered":"<p>________________ &nbsp; &nbsp; &nbsp; \u00b7 Promotor: ASOCIACI\u00d3N DE PROPIETARIOS \u00abEL LLANO\u00bb DE ROMANCOS. \u00b7 T\u00e9cnicos: \u00c1ngel Cano Sanz &#8211; acano@gihemar.com Jes\u00fas Herrero Aragoneses &#8211;jherrero@gihemar.com &nbsp;Rebeca Piquero Rodr\u00edguez &#8211; rebeca@gihemar.com \u00b7 Presentaci\u00f3n de la Solicitud: 27 &#8211; febrero &#8211; 2008 \u00b7 Resoluci\u00f3n Aprobatoria: 9 &#8211; agosto &#8211; 2009 por la Direcci\u00f3n General de Desarrollo Rural \u00b7 [&hellip;]<\/p>\n","protected":false},"author":2,"featured_media":0,"parent":0,"menu_order":0,"comment_status":"closed","ping_status":"closed","template":"","meta":{"footnotes":""},"class_list":["post-139","page","type-page","status-publish","hentry"],"_links":{"self":[{"href":"https:\/\/www.gihemar.com\/web3\/index.php\/wp-json\/wp\/v2\/pages\/139","targetHints":{"allow":["GET"]}}],"collection":[{"href":"https:\/\/www.gihemar.com\/web3\/index.php\/wp-json\/wp\/v2\/pages"}],"about":[{"href":"https:\/\/www.gihemar.com\/web3\/index.php\/wp-json\/wp\/v2\/types\/page"}],"author":[{"embeddable":true,"href":"https:\/\/www.gihemar.com\/web3\/index.php\/wp-json\/wp\/v2\/users\/2"}],"replies":[{"embeddable":true,"href":"https:\/\/www.gihemar.com\/web3\/index.php\/wp-json\/wp\/v2\/comments?post=139"}],"version-history":[{"count":36,"href":"https:\/\/www.gihemar.com\/web3\/index.php\/wp-json\/wp\/v2\/pages\/139\/revisions"}],"predecessor-version":[{"id":534,"href":"https:\/\/www.gihemar.com\/web3\/index.php\/wp-json\/wp\/v2\/pages\/139\/revisions\/534"}],"wp:attachment":[{"href":"https:\/\/www.gihemar.com\/web3\/index.php\/wp-json\/wp\/v2\/media?parent=139"}],"curies":[{"name":"wp","href":"https:\/\/api.w.org\/{rel}","templated":true}]}}