{"id":553,"date":"2022-04-04T08:39:00","date_gmt":"2022-04-04T08:39:00","guid":{"rendered":"https:\/\/www.gihemar.com\/web3\/?page_id=553"},"modified":"2025-04-22T11:30:55","modified_gmt":"2025-04-22T11:30:55","slug":"canales-del-ducado","status":"publish","type":"page","link":"https:\/\/www.gihemar.com\/web3\/index.php\/canales-del-ducado\/","title":{"rendered":"Canales del Ducado"},"content":{"rendered":"\t\t<div data-elementor-type=\"wp-page\" data-elementor-id=\"553\" class=\"elementor elementor-553\" data-elementor-settings=\"[]\">\n\t\t\t\t\t\t\t<div class=\"elementor-section-wrap\">\n\t\t\t\t\t\t\t<section class=\"elementor-section elementor-top-section elementor-element elementor-element-274d9be elementor-section-boxed elementor-section-height-default elementor-section-height-default\" data-id=\"274d9be\" data-element_type=\"section\">\n\t\t\t\t\t\t<div class=\"elementor-container elementor-column-gap-default\">\n\t\t\t\t\t<div class=\"elementor-column elementor-col-100 elementor-top-column elementor-element elementor-element-32a7bc6\" data-id=\"32a7bc6\" data-element_type=\"column\">\n\t\t\t<div class=\"elementor-widget-wrap elementor-element-populated\">\n\t\t\t\t\t\t\t\t<div class=\"elementor-element elementor-element-0dc0e99 elementor-widget elementor-widget-text-editor\" data-id=\"0dc0e99\" data-element_type=\"widget\" data-widget_type=\"text-editor.default\">\n\t\t\t\t<div class=\"elementor-widget-container\">\n\t\t\t\t\t<div class=\"elementor-text-editor elementor-clearfix\"><\/div>\n\t\t\t\t<\/div>\n\t\t\t\t<\/div>\n\t\t\t\t<div class=\"elementor-element elementor-element-6e71fb0 elementor-widget elementor-widget-text-editor\" data-id=\"6e71fb0\" data-element_type=\"widget\" data-widget_type=\"text-editor.default\">\n\t\t\t\t<div class=\"elementor-widget-container\">\n\t\t\t\t\t<div class=\"elementor-text-editor elementor-clearfix\"><\/div>\n\t\t\t\t<\/div>\n\t\t\t\t<\/div>\n\t\t\t\t<div class=\"elementor-element elementor-element-08495b7 elementor-widget elementor-widget-text-editor\" data-id=\"08495b7\" data-element_type=\"widget\" data-widget_type=\"text-editor.default\">\n\t\t\t\t<div class=\"elementor-widget-container\">\n\t\t\t\t\t<div class=\"elementor-text-editor elementor-clearfix\"><p style=\"padding-left: 80px; text-align: center;\">AUTORIZACI\u00d3N DE LA CONCENTRACI\u00d3N<\/p>\n<p>\u00a0<\/p>\n<p>Se pone en conocimiento de todos los interesados que la Direcci\u00f3n General de Desarrollo Rural de la Consejer\u00eda de Agricultura, Ganader\u00eda y Desarrollo Rural de la Junta de Comunidades de Castilla-La Mancha ha dictado Resoluci\u00f3n de fecha 30 de abril de 2024, por la que se autoriza el inicio del proceso de Concentraci\u00f3n Parcelaria de car\u00e1cter privado de la zona de Canales del Ducado, t\u00e9rmino municipal de Sacercorbo (Guadalajara).<\/p>\n<p>Mediante Anuncio de 09\/05\/2024, de la Delegaci\u00f3n Provincial de Agricultura, Ganader\u00eda y Desarrollo Rural de Guadalajara, por el que se publica la Resoluci\u00f3n de 30\/04\/2024, de la Direcci\u00f3n General de Desarrollo Rural, por la que se autoriza el inicio del proceso de concentraci\u00f3n parcelaria de car\u00e1cter privado de la zona de Canales del Ducado, t\u00e9rmino municipal de Sacecorbo (Guadalajara).<\/p>\n<p><a href=\"https:\/\/gihemar.com\/pdf\/concentracion\/CANALES DEL DUCADO\/1_2_PUBLICACION DOCM RESOLUCION AUTORIZACION.pdf\" target=\"_blank\" rel=\"noopener\">DOCM N\u00ba 95 DE 16 DE MAYO DE 2024<\/a><\/p>\n<p>\u00a0<\/p>\n<p>\u00a0<\/p>\n<div>\u00a0<\/div>\n<p>\u00a0<\/p><\/div>\n\t\t\t\t<\/div>\n\t\t\t\t<\/div>\n\t\t\t\t<div class=\"elementor-element elementor-element-d372e49 elementor-widget elementor-widget-text-editor\" data-id=\"d372e49\" data-element_type=\"widget\" data-widget_type=\"text-editor.default\">\n\t\t\t\t<div class=\"elementor-widget-container\">\n\t\t\t\t\t<div class=\"elementor-text-editor elementor-clearfix\"><hr \/>\n<h2>PLANOS DISE\u00d1O DE LAS NUEVAS FINCAS<\/h2>\n<p>\u00a0<\/p>\n<p><a href=\"https:\/\/gihemar.com\/pdf\/concentracion\/CANALES DEL DUCADO\/POLIGONO 101.pdf\" target=\"_blank\" rel=\"noopener\" data-wplink-url-error=\"true\">POL\u00cdGONO 101\u00a0<\/a>\u00a0\u00a0\u00a0\u00a0\u00a0\u00a0\u00a0\u00a0\u00a0\u00a0\u00a0\u00a0\u00a0\u00a0\u00a0\u00a0\u00a0 <a href=\"https:\/\/gihemar.com\/pdf\/concentracion\/CANALES DEL DUCADO\/POLIGONO 101_ORTO.pdf\">POL\u00cdGONO 101 SOBRE ORTOFOTO<\/a><\/p>\n<p><a href=\"https:\/\/gihemar.com\/pdf\/concentracion\/CANALES DEL DUCADO\/POLIGONO 102.pdf\" target=\"_blank\" rel=\"noopener\" data-wplink-url-error=\"true\">POL\u00cdGONO 102\u00a0<\/a>\u00a0\u00a0\u00a0\u00a0\u00a0\u00a0\u00a0\u00a0\u00a0\u00a0\u00a0\u00a0\u00a0\u00a0\u00a0\u00a0\u00a0 <a href=\"https:\/\/gihemar.com\/pdf\/concentracion\/CANALES DEL DUCADO\/POLIGONO 102_ORTO.pdf\" target=\"_blank\" rel=\"noopener\" data-wplink-url-error=\"true\">POL\u00cdGONO 102 SOBRE ORTOFOTO<\/a><\/p>\n<p><a href=\"https:\/\/gihemar.com\/pdf\/concentracion\/CANALES DEL DUCADO\/POLIGONO 103.pdf\" target=\"_blank\" rel=\"noopener\" data-wplink-url-error=\"true\">POL\u00cdGONO 103<\/a>\u00a0\u00a0\u00a0\u00a0\u00a0\u00a0\u00a0\u00a0\u00a0\u00a0\u00a0\u00a0\u00a0\u00a0\u00a0\u00a0\u00a0\u00a0 <a href=\"https:\/\/gihemar.com\/pdf\/concentracion\/CANALES DEL DUCADO\/POLIGONO 103_ORTO.pdf\" target=\"_blank\" rel=\"noopener\" data-wplink-url-error=\"true\">POL\u00cdGONO 103 SOBRE ORTOFOTO<\/a><\/p>\n<p>\u00a0<\/p>\n<div>\u00a0<\/div>\n<p>\u00a0<\/p><\/div>\n\t\t\t\t<\/div>\n\t\t\t\t<\/div>\n\t\t\t\t<div class=\"elementor-element elementor-element-b4767cf elementor-widget elementor-widget-text-editor\" data-id=\"b4767cf\" data-element_type=\"widget\" data-widget_type=\"text-editor.default\">\n\t\t\t\t<div class=\"elementor-widget-container\">\n\t\t\t\t\t<div class=\"elementor-text-editor elementor-clearfix\"><p>\u00a0<\/p>\n<hr \/>\n<h2>CLASIFICACI\u00d3N<\/h2>\n<div>\n<p>\u00a0El T\u00e9rmino de Canales del Ducado se ha clasificado en 4 clases que se diferencian bastante bien.<\/p>\n<p>Las clases <b>primera y segunda<\/b> se han reservado para las zonas que actualmente se cultivan y dentro de ellas se han marcado las zonas mejores de primera y las regulares de segunda, incluso dentro de la misma parcela puede haber primera y segunda.<\/p>\n<p>La clase <b>tercera<\/b> se ha puesto en zonas que actualmente no se cultivan pero que probablemente se puedan labrar<\/p>\n<p>Y la clase <b>cuarta<\/b> se ha puesto para las zonas que no se van a poder labrar nunca, que es la mayor parte del T\u00e9rmino<\/p>\n<\/div>\n<div>\u00a0<\/div>\n<div><u><b>PLANOS<\/b><\/u><\/div>\n<p>\u00a0<\/p>\n<p><a href=\"https:\/\/gihemar.com\/pdf\/concentracion\/CANALES DEL DUCADO\/CLASIFICACION\/POLIGONO 1.pdf\" target=\"_blank\" rel=\"noopener\">POLIGONO 1<\/a>\u00a0\u00a0\u00a0\u00a0\u00a0\u00a0\u00a0\u00a0\u00a0\u00a0\u00a0\u00a0\u00a0\u00a0\u00a0<a href=\"https:\/\/gihemar.com\/pdf\/concentracion\/CANALES DEL DUCADO\/CLASIFICACION\/POLIGONO 2.pdf\" target=\"_blank\" rel=\"noopener\">POLIGONO 2<\/a> \u00a0\u00a0\u00a0\u00a0\u00a0\u00a0\u00a0\u00a0\u00a0\u00a0\u00a0\u00a0<a href=\"https:\/\/gihemar.com\/pdf\/concentracion\/CANALES DEL DUCADO\/CLASIFICACION\/POLIGONO 3.pdf\" target=\"_blank\" rel=\"noopener\">POLIGONO 3<\/a> \u00a0\u00a0\u00a0\u00a0\u00a0\u00a0\u00a0\u00a0\u00a0<a href=\"https:\/\/gihemar.com\/pdf\/concentracion\/CANALES DEL DUCADO\/CLASIFICACION\/POLIGONO 4.pdf\" target=\"_blank\" rel=\"noopener\">POLIGONO 4<\/a> \u00a0\u00a0\u00a0\u00a0\u00a0\u00a0\u00a0\u00a0<a href=\"https:\/\/gihemar.com\/pdf\/concentracion\/CANALES DEL DUCADO\/CLASIFICACION\/POLIGONO 5.pdf\" target=\"_blank\" rel=\"noopener\">POLIGONO 5<\/a><\/p>\n<p><a href=\"https:\/\/gihemar.com\/pdf\/concentracion\/CANALES DEL DUCADO\/CLASIFICACION\/POLIGONO 6.pdf\" target=\"_blank\" rel=\"noopener\">POLIGONO 6 <\/a>\u00a0\u00a0\u00a0\u00a0\u00a0\u00a0\u00a0\u00a0\u00a0\u00a0\u00a0\u00a0\u00a0\u00a0<a href=\"https:\/\/gihemar.com\/pdf\/concentracion\/CANALES DEL DUCADO\/CLASIFICACION\/POLIGONO 7.pdf\" target=\"_blank\" rel=\"noopener\">POLIGONO 7<\/a> \u00a0\u00a0\u00a0\u00a0\u00a0\u00a0\u00a0\u00a0\u00a0\u00a0\u00a0\u00a0<a href=\"https:\/\/gihemar.com\/pdf\/concentracion\/CANALES DEL DUCADO\/CLASIFICACION\/POLIGONO 8.pdf\" target=\"_blank\" rel=\"noopener\">POLIGONO 8<\/a> \u00a0\u00a0\u00a0\u00a0\u00a0\u00a0\u00a0\u00a0\u00a0<a href=\"https:\/\/gihemar.com\/pdf\/concentracion\/CANALES DEL DUCADO\/CLASIFICACION\/POLIGONO 9.pdf\" target=\"_blank\" rel=\"noopener\">POLIGONO 9<\/a> \u00a0\u00a0\u00a0\u00a0\u00a0\u00a0\u00a0\u00a0<a href=\"https:\/\/gihemar.com\/pdf\/concentracion\/CANALES DEL DUCADO\/CLASIFICACION\/POLIGONO 10.pdf\" target=\"_blank\" rel=\"noopener\">POLIGONO 10<\/a><\/p>\n<p>\u00a0<\/p>\n<div>\u00a0 \u00a0 \u00a0 \u00a0 \u00a0 \u00a0 \u00a0 \u00a0 \u00a0 \u00a0 \u00a0 \u00a0 \u00a0 \u00a0 \u00a0 \u00a0 \u00a0 \u00a0 \u00a0 \u00a0 \u00a0 \u00a0 \u00a0 \u00a0 \u00a0 \u00a0 \u00a0 \u00a0 \u00a0 \u00a0 \u00a0<\/div>\n<div>\u00a0<img decoding=\"async\" src=\"data:image\/png;base64,iVBORw0KGgoAAAANSUhEUgAAAiQAAACVCAYAAABo+uGJAAAgAElEQVR4Xu2dTYsdyZWGU8xqvJutMKap9m\/wwiNpoYXU\/8Alr3oxFCMbzCxMl20KCkPjoYzWKigGRovBZQ\/6Aapa9EIyWnjlH6A2wjS9muVghoGhpt50n\/Kpo4jMiLyZ9yPzSWhadW9kfDxx4sSbJyJv3Lm6vhouCEAAAhCAAAQgsEECdxAkG6RP0RCAAAQgAAEItAQQJBgCBCAAAQhAAAIbJ4Ag2XgXUAEIQAACEIAABBAk2AAEIAABCEAAAhsngCDZeBdQAQhAAAIQgAAEECTYAAQgAAEIQAACGyeAINl4F1ABCEAAAhCAAASyguSXv\/wldCAAAQhAAAIQgMBKBI6Pj4vu7xQkpZkUlbRjiSTIltz+Heuu2VQXu5tNV9IQCEDgmkCNT0OQZEymBiJWB4GxCGB3Y5EkHwhAYBsI1Pg0BAmCZBtsljp8Q6Bm8AINAhCAwLYTqPFpCBIEybbb86LqVzN4FwWGxkIAAjtJoManIUgQJDtp5HOtdM3gnSsD2gWBdRH4\/e9\/39y\/f7\/58ssvm729vXUVu6hyanwaggRBsqjBse2NrRm8294W6gcBCOwege9+97utQHv8+HHz6tWrlRtQ49NGEyR\/+tOfmo8\/\/vhW5U9OTprPPvus\/ey3v\/1t8+TJk8Z\/lmqpz+f8\/LzZ399PArlz586tz69PLW7\/TtXDEtYAroG4co9taQZmmKnqqR+\/\/\/3vt08XT58+bZ4\/f978+te\/bg4PDz9Inurz2H99drGliEav1qp296Mf\/ag5PT1Njg37MDVG4lhL5WP3v3nzprl3716Tsw\/rS\/WxfMK7d+9u6pOyEf90annaeI52YhlZvvaEG8v55JNPmouLi9axvnz5MmmXysvus\/SpDk09PZs\/i+mjHXeNIWtjqsxYn9g+3WNt9\/db39hnnp8vz\/ev9X2Ogc9zjP7wkYjIJ8Xa6tXlv7t4mb3H+6ONR8Z+nKTYRda+H9SuR48etX4xN5a65rdVHYvVvauOqTJk1y9evGiFiPpa\/fHs2bPm8vLy1jiuqV+NTxtFkNjAsIlJlbUBa5+VChLvsHIGKOOTk9N\/0dhyxlcDUGlrINbmvWvpc0xjv1vf+YFmg9E+s7z84Ld8agTjrjEsre8qducnYXP65vDN0adYx7Gqulq\/9Tld5ZubWKMgSeVpdY4ixwuS1GRsPP2k7MVAioXuqf08128pf5b6LAqsEjtI3WNCwLik+szGn+fgBYTvSy8EoiBJCUT7LCUyfZtq+sPsoauvo3hOCZY+Xin\/Fe1ObYhjxZft57a+sWF9Y7xL7N7K9+K9xFb67LNL9Hblb23X\/danQwVUjU8bRZCoI3V1wSwVJJaX\/m9POHFtT4MiN3khSFYx4\/S9qwiSKFpyE4LZx1CjH7\/Vm8mxZvD6Gpbyy02QNpl1OdFIpG+y9ZOX2UFfJCwVISkVJKqfOeBa4ZFL3+fwY3ssH6tHH6OYf+yHXPk5YWCTXxQQ+tsm1TjJdwmS+JBRI0j6+qNk3rDyVXdF\/iLvEl7Rf3XNRX5uyYmhPkESbSCVPtah1k76vJPKVP2HLLlYu70vVv3035D8anzayoLEKu8VZApWiSDxk9eDBw\/aJZ7UBGWqPyVKECR9plr\/\/ZiCJCcmS+2ovva7dUfN4PUtixNRqtVdjKNg6HO6\/omyJEJSMnGk8qydAM0PbUqQxAm8dqKJk1mqH7vEXRSmxk\/1sKiypZH\/1EPflIKkqz+MTZfg9PxSvqOEV\/RfXWPF5xcFic03fWMj1rNPkHzxxRdtP9hl\/RGXBeNcmNu2oHzUjocPH7ZbJqxNJur0vf6t9lm5MaoWhV+Jf8l52hqftrIgKX3yKREk3mndvXu3Xd9NiY64Du07qmsPSc3Tdw3E3Zry6mu7iiDxg9H6NCdeuyJf9bXezTuG2l2JY+4aq1Gs5Na9\/eTRN9l6MVHq0Er3kJjD9A8xWudWJED\/qbxUhLVPqESryUVic\/4sCoLcHpLcGCiJGnRFw2IfWx8cHBy0+2hsT4BFG\/RZyZJN356eIf0RJ9w4CUabzC1Jqs+6ovPRf3WNFW+nytfmIP1b9qQI4m9+85s2WpNazkxtX+hasrFIVrT7KGyjveXqaREM9XvsV\/vbyjLeXfutrI2lDxQpr1vj07ZKkMRO6QqjRmM2x0GEZPyJuFaQxBrE\/SMIknwf1Qxen8tUgqRkD4mvhxcsYwmSkiUb2ZRFVf3TX9xz0CdISl\/\/rBUkpWv5UwkSbVTUBnSNxaOjozb8rifolCCJ1umZlEasSvsjbsz1fd03KVtEbR2CRMzET\/OMthDkBEnKLnLiPrWnxy\/1xXZ52\/CbeOMYja8yR5uPf5c8LJQuCW9ckJSG2vsiJCllmdokGRvsO1sDx6vaIetdlv\/QiWF8ObD5HGsFSd\/bUV1LbX1Lf5unMW0NhtpdiVOZ85JNXBqwXlq3INnWJRtFEExMiInG6J\/\/\/OekIOkSZTWCRG+YxLdfcnn7qHdug3PX5tQuwbfqkk1cqjHbSon1LkFSIu67Nvj6B\/bUSoBFPMTy7OzsJmpUKki66rczgqRUpfYJktwro8q\/7+2LvvDVkClk6MQwpKxtv2dMQZJ7Qi0Rn9vOaYz6DbW7UoeRW2aJYeW+dXIb96Vv2ZQu7Q7d1GqCJD5xr1uQxDdH+pa1os2UhsZzwiCOL5\/OiwP\/OnTXkk2sX60g6esPn39qyT43pqxfS3iVbmqN6XJ\/TyFIUpuhuyIkKW76zJbk9G8JQl2LEyQpZ1P72m9u4MZXsVKRFB\/KYslmjGnxdh5jChLLi9d+0\/00VJB4x+OfFnPjx4v8db\/260VCfP1yVUEiDjFq6t\/Sm3LJJuUHawVJ7gFvldd+bazZ5B3\/nlKQ5PqjL9qRe0BJvdqcWubyvLrKSi2bmH2m7ktFcvxILt1DEkd\/FCS55aq4DyS+Vaa\/xUN7huw3wMYQJCXCLzfz1Pi0lfeQWCW6QkhKE\/d8+Mr\/7ne\/a37wgx8kIyHxdyxyeZX8MJruLV3LrYE4vgTYrhzHFCTWsrjZr+910O0iMl1tVrW71Hp1yubjDv2aH0azvuqbbFNP02P9MJo9DX799de3fpxPn3tfVBshSfVsagky589qfhitK0QelzpS+2hSPjf1w2jxR+TiDxnWCpKc9Yt1TX+kftgtbvKM\/Zf7zaIuXjn\/FW0x98NoMUJvYyfXfyVv2USG3p5K37KJPlT1sRcHfN3GECQx8lfjAWt82miCpKaCu5C2BuIutIc67gYB7G43+olaQiBHwE\/e\/3X9tss\/XO\/f+bvrN0b\/8q\/\/2vzlF79ovvWrXzXf+vnPp\/v7upxv\/exno3bQzvwOSXzSGpXCRJmVREmYGJp2E9wmrpL+2US91lHmULvbVF+tgwllQGBXCfzLdcX\/8fq\/f7v+7z+u\/9PBGicT\/v+fr\/P+p+v\/\/vP6v3+fCFqtf67xaURIMp1WA3GififbBRLA7hbY6TR5dgQUUbCzbP77xz9u\/ud6g+nkkZFvIi\/\/98c\/Nv\/7+nXz9z\/5yShc41s7tZnW+DQECYKk1r5IPyGBmsE7YTXIGgIQgMAoBGp8GoIEQTKK0ZHJOARqBu84JZILBCAAgekI1Pg0BAmCZDpLJOdqAjWDtzpzboAABCCwZgI1Pg1BgiBZs3lSXBeBmsELSQhAAALbTqDGpyFIECTbbs+Lql\/N4F0UGBoLAQjsJIEan4YgQZDspJHPtdI1g3euDGgXBCAwHwI1Pq1TkMwHCS2BAAQgAAEIQGATBI6Pj4uKJUJChKTIUEi0HgI1TxPrqRGlQAACEBhOoManIUgQJMMtjTtHJ1AzeEcvnAwhAAEIjEygxqchSBAkI5sf2a1CoGbwrlIO90IAAhBYB4Ean4YgQZCswyYpo5BAzeAtzJJkEIAABDZGoManLVaQ5I6ktl6rgbixnp6o4HgseDx+e6JiP8hWp2aqn169erWuIjdezpLtbuPwZ1QBnaWi6931SbO5yx95\/\/H1abQ+rflHu\/fLL79s9vb2ZkSIpqyLQI1PQ5A8fpyc8Gogrqtj11GOOak3b9409+7da4vclDDYVLnr4JwrY6l2t0nmcyrbC4koMnw77aHj\/Py82d\/fb0\/2fvr0afP8+hA4Xf7vTz75pBUrXeJmTgxpy7gEanwaggRBcsv65IjMSfkv9LkXKeOabDo3BMk6KFPGXAjYw4SEiCIaXYJEJ7geHh626RT50Fg7PT1tdLR8FCuph5S5MKMd0xNAkBQwZsnmQ0jmiOSU+i49NV1cXLTJ\/JOVHN379+9b56bL8pKgsSsKHoWX5Rh1eSeKIOnrBb6HwN8ISDi8vj52XlEOjbcuQWLj18anCRKNw5cvX7ZixR5ATJCkHlTgD4E+AgiSPkLX3yNIPoQkx3N0dNQbmpXzury8vEknQXFwcNB89tlnTXzyUin6\/tGjR62jNO7m7JSXLh8qNseHICkwZJJAIEFgqCDRuHz79m1SkJycnLRjnAsCNQQQJAW0ECTDBUlc1pEIOTs7awWK\/7dKsKiL3xSnpzOFiU2EWE2sT8zxIUgKDJkkEECQYANbTABBUtA5CJIPIaXEgxcLtsveL7\/Y9xYezgmSWJot88Sd\/kpn0RYESYEhkwQCIwoSlmwwp7EJIEgKiCJI0pBym1r9skwujXIsiZD4kn2++tz\/jSApMGSSQGCAIPF7RvSg4feUxD0jtgy77k3tdOw8CCBICvoRQZKGlHvt1+8ZiXtI5Mx06fdCoiAxkWF7SPS3BI0ty3gBYmWzZFN2EFWBmZNkoQTiHhKLflpkktd+F2oYG2g2gqQAOoIkD8kvoyhVare+f8vGf58SJCZCrET\/Vo4vS5\/rsh9DI0JSYMgkgUBBhCQKEt3CD6NhOusggCAZgXINxBGKIwsItASwOwxhKgJ6WNDFmzJTESbfFIEan7bYH0brM50aiH158T0ESglgd6WkSFdDQFFHLZvya6s11Eg7BoEan4YgyRCvgThGp5EHBIiQYAMQgMDcCNTMpQgSBMnc7H+n21MzeHe6oVQeAhBYBIEan4YgQZAsYlDsSiNrBu+utIl6QgACyyVQ49M6BclyEdJyCEAAAhCAAATGIHB8XPZTBkRIiJCMYW\/kMRKBmqeJkYokGwhAAAKTEajxaQgSBMlkhkjG9QRqBm997twBAQhAYL0EanwaggRBsl7rpLROAjWDF5QQgAAEtp1AjU9DkCBItt2eF1W\/msG7KDA0FgIQ2EkCNT5tUYLEfu5cJ1rq0k+eP378uD2DJV41EHfSSjoqbT8zbUlyjKZuNz8dPzVh8p8bga6fg49t9cc\/+OMclM6O1rB75DPttO+5MaM90xKomUsRJAiSW9aYO1zPzpeZ1nRv544gWSdtytp1An0H5vn2xdN+dRifFyX+bwkX\/cIrv\/K66xaymfojSDLciZD0G6Qc0fn5ebO\/v38rsT5f9\/HjCJL+\/iIFBIyAzqo5PDxsLJphouPq6uoDSDplW5eJDJ82CpvUQwrUIVBKAEGCICm1lVvpzBGlHFjMMBfulVN8\/\/59c3p62t5ieUnQ2BUFj5yjX0bzTnITkZlB8Ea6qWbwjlQk2cyEgI1JG3MxCuKbmRMkGocvX75shY09gJggST2ozAQdzZiQQI1PY8mGJZsbU5TjOTo66g3NytFdXl7epJNzOzg4aE8RjU9pylzf62Cv58+f36xNm7NTXrr0nS4foSFCMqGXIOvZEcgJklRk08SKfWcPBfr77du3SUFycnLCScGzs5rpG4QgIUIyyMpKBUlc1pEIOTs7awWK\/7cqYVEXvylOjlMb5EyEWGVtI505PgTJoG7kpoUSqBEkQuSjnNq4fnFx0UZFECQLNaCJmo0gQZAMMq2UePBiwXbZ++UX+15vLHUJklgh20AX3wpQOou2IEgGdSM3LZRAzZJNROQjmyzZLNSAJmo2ggRBMti0cpta\/bJMLo0KLYmQ+Mr5fPW5\/xtBMrgbuXGBBOKekShQupD4tHHPiImVdW9qX2AXzrLJCBIEyWDDzr326\/eMxD0kcma69HsuUZCYyLA9JPpbgsaWZbwAsbJZsik7iGpwJ3PjLAl0vfZr31lk0u8huXv3bvubTH6PCK\/9ztJENtIoBAmCZCXD88soysiWY3ymfv3Zf58SJCZC7H7\/ewe+LH2uy96sIUKyUjdy8wIJ5H4YLQqSrjFpY1Dj2i5+GG2BxjRSkxEkI4CsgThCcWQBgZYAdochTEVADwu69DYcFwTWRaDGpy3qtd+aDqiBWJMvaSHQRQC7wz6mIKCoo5ZN+bXVKeiS51g+DUGSIcnEwCDbBAHsbhPUKRMCEJiKQI1PQ5AgSKayQ\/IdQKBm8A7InlsgAAEIrJVAjU9DkCBI1mqcFNZNoGbwwhICEIDAthOo8WkIEgTJttvzoupXM3gXBYbGQgACO0mgxqd1CpKdbD2VhgAEIAABCEBgawgcH5f9thIREiIkW2O0VITXfrEBCEBgXgRGi5CUqpp54ftra2ogzrH9tGkzBLC7zXCnVAhAYBoCNT6NCAkRkmmskFwHEagZvIMK4CYIQAACayRQ49MQJAiSNZomRfURqBm8fXnxPQQgAIFNE6jxabMWJPGwNjt\/Recy6NJZDY8fP24PhYtXDcRNd\/jY5du5F5ZvjtHY5cb8OMtmasLkPzcCubNsYjt1qKX5Qf+dneirX3blLJu5Wcdm2lMzlyJIECS3rDR32q8deLdOk0aQrJM2Ze06ga7TfrvaZuLDH5LJab+7bg3bU38EyTd9QYSk3ijliM7Pz5v9\/f1bN+tze3qqz3XYHQiSYdy4a5kEdHje4eFhG\/nY29trNH5OT0+bq6urTiAWObbxHYVN6iFlmYRp9RACCBIEyRC7acwR9TkwZW5OTP9++vRp8\/z587ZMOcX379+3jlCX5SVBY1cUPD587J\/SECSDupGbFkrAxqSNORMkJlBSWGzMxzEsYWMCxQRJ6kFloahpdgUBBAmCpMJc\/pZUjufo6Kj3RFA5usvLy5t0EhQHBwftsebxKU2563udNCrRYuFhc3bKS5cJGh+hQZAM6kZuWiiBnCDpimyaaPFpbAxHQXJyctKOcS4I1BBAkCBIauzlJm2pIInLOnJgZ2dnrUDx\/1bG9gTmn9LkOBVSNhFiFTCxYo4PQTKoG7lpoQSGCBI9LOjS2LULQbJQA5qo2QgSBMkg00qJBy8WJCJ0+eUX+96WWnKCJFbIQsTxrQCls2gLgmRQN3LTQgnULtmklmuELidIWLJZqGGt2GwECYJksAnlNrX6ZZlcGnNmFi3R310iR9\/7fOPfCJLB3ciNCyQQ94xEgRKR5PaGxM+jQFkgWpq8AgEECYJksPnkXvv1e0biHhI5Pl36PZcYITGRYXtI9LcEjS3LeEES34pCkAzuRm5cIIGu135T0ZDU\/hHDxmu\/CzSgiZqMIEGQrGRafhlFGfk3Xyxj\/5aN\/z4lSEyE2L1+R78vS5\/rst88QZCs1I3cvEACuR9G6xIkqbdw+GG0BRrPRE1GkIwAtgbiCMWRBQRaAtgdhjAVAT0s6OJNmakIk2+KQI1Pm\/Uvta5iHjUQVymHeyHgCWB32MMUBBTx0LKpf5tminLIEwKRQI1PQ5Bk7KcGIiYIgbEIYHdjkSQfCEBgGwjU+DQECYJkG2yWOnxDoGbwAg0CEIDAthOo8WkIEgTJttvzoupXM3gXBYbGQgACO0mgxqchSBAkO2nkc610zeCdKwPaBQEIzIdAjU\/rFCTzQUJLIAABCEAAAhDYBIHj4+OiYomQECEpMhQSrYdAzdPEempEKRCAAASGE6jxaQgSBMlwS+PO0QnUDN7RCydDCEAAAiMTqPFpCBIEycjmR3arEKgZvKuUw70QgAAE1kGgxqchSBAk67BJyigkUDN4C7MkGQQgAIGNEajxabMVJDq0TWc0XF1dtSfK6t\/xzAY7xdIOevM9VgNxYz09QcF25kXq\/Bo7J8OfRTNBFRad5VLtbtGdPmLjc2fZpIowv6jvHj9+3B6OaRdn2YzYKQvPqsanLUKQ5ISHHRD35s2b5t69e7fMpgbinOzNCxKd8Lu3t3fTPOM1hiDJHcI3J5ZD2rJUuxvCintuE+g67Tey8if93r17tz1A049rTvvFusYiUOPTFiFIbKDGpwANulQkQB1RA3GsjtuGfPypoB999NGtg7jMSamez58\/X6m6CJI0vqXa3UrGxM0tAXvwskiwiQ5FifsujW3zj1HYWNQl9eDWly\/fQ6DGpy1CkMgk\/BKO\/u5bfqiBOCeTM2ck5\/P555\/fhHHF68WLFzcRExMkXaFdEzCnp6ctIhN\/ubCyDyGnltHmxDnXlqXa3RL6duo2WgTTBIgJkrhUHethY97GnAkbEyA2Xs\/Pz5v9\/f2pm0H+MyNQ49MWI0hscNqg8iHLuFwje6iBOCf7MeckpyZB4Z+2Hjx40Lx+\/bptrgkSpTGm5sjMIfqnLt0T056dnd2cPipnqsvWsX3aOfHta8tS7a6PC9\/3E8gJkq7IhokN\/wCQEyRLfUjoJ0+KLgI1Pm0xgiRGRGLEJAKtgTgnc\/SCRA7u4cOH7bKNiZNnz57dCBJj6kPCXkhEUSHmBwcHbX5+ycaiLN5xSjDqc7\/Rbk6ciZAsoTfX28YhgsRqqLGp6927dzdLPzFCgiBZb3\/OpbSauXQxgsSe0LVsoKWH+\/fv39rEhSD5KwEvSGyZ5tNPP22Ojo5aZyWhoEsRktQ+EDk2LfUotFsrSGIfxD0\/cxmgYz1NLIEHbSwnMHTJRiX4iPHbt2+bw8PDhiWbcvakzBNAkFyzSUVAbMBqoru4uLhZakihrIE4J2P0gsQiF+JlkRIvSKaMkMyJaU1blmp3NYxImyYQ94xEgdLFzQuSr776qnny5MkHS7FsasXyhhCo8WmLipD4zZQC27X7vAbikE7a1nu8IFEdTdiZM\/KCRN\/7KEgUKF0REqW1qIvyiXtIVO6jR49WfptnWznn6rVUu9u1ftrG+na99uvfnlN008SK7RFL7fey14CVVtFR\/ccFgVoCNT5tUYLEvxHStxxQA7G2g7Y5fRQkcaNqFCR9b9n4nfl+D4nd51+77vqhpm1mNmbdlmp3YzJccl65N9iiIPEPG\/p3\/PkDfhhtyVY0bttrfNpsBcmqSGsgrloW90PACGB32MJUBPRwoUubyrkgsC4CNT4NQZLplRqI6+pYypk\/Aexu\/n28iRYq4qElUJZdNkF\/2WXW+DQECYJk2aNly1pfM3i3rOpUBwIQgMAHBGp8GoIEQcIQ2iICNYN3i6pNVSAAAQgkCdT4NAQJgoRhtEUEagbvFlWbqkAAAhCYVpDAFwIQgAAEIAABCKxC4Pj4uOh2IiRFmEgEAQhAAAIQgEAtgZqoL4Kkli7pIQABCEAAAhAoIoAgKcJEIghAAAIQgAAEpiSAIJmSLnlDAAIQgAAEIFBEAEFShIlEEIAABCAAAQhMSQBBMiVd8oYABCAAAQhAoIgAgqQIE4kgAAEITE9AB1JeXl7ys+3To6aELSSAINnCTqFK20vAjmK3GtqR7ENr7E9KffPmTXP\/\/v3m6uoqm51OaH39+nWjY+GHXDrJ9e3bt5Mcmqa6vXjxonn16lVV1eJpsX2na1dlvuWJdWq1BMje3l4jDhIktfy2vIlUDwLFBBAkxahIuHQCd+7caZ4+fXojBuz49i4B0cdsVYHRl3\/8XoLq6OiouXfvXu2tvek1mX700UdVYscYSoxZnVRHTdBDRVdvRbc0gcTiFP2ypc2lWhD4gACCBKOAQAEBTba64iSpyfPTTz9t9vf3Gx3Zfnh42KaLT\/l6ElY0RZdNvsrz9PS0\/ezk5OSmFjryXZOToiV2mejxT9Txfjsq3kSOnrgvLi5uRJSP7lhkRyLLLh\/t8Xl7EeZR+ciG0uhJ\/\/PPP\/+ARe5+5aXyvRjRZ5avb7OxOz8\/b\/PXZeyfPHlyw1Xlq82ev5jpc0uXa6f6oI+hCsqxMXEV+8zqqnpZX6scL0ZjlMjXsav+vj\/4NwR2nQCCZNd7kPqvhYAmzq7lmRgt0WT58OHDdoLzT\/ypydZC9proHjx40Hzve99rPv7445vyvBhSPTRRS\/ycnZ3d7DXQpKXlEj1h24RpE72JGIHyx8rr84ODg7aOEkASVjpy3v9b99iEaELAgHsxYWWK0R\/+8Id28jdB4UWb76ySJZ4UOy+mTHiYGEy1WSxNFCndF1980S6LDGH49ddf33DybKzPrM3K+\/37962A9f1n\/a82vHz5ssUh\/mJpYktcFMVSX1h6a+e6I2prGVwUAoFvCCBIMAUI9BCIE3QquRcE+t4mW00scV+Ipb179+4HAkHi5NmzZ8mlD9VDT\/qaTGNkwS+XxLqYmJJQsD0eftLzAsNP9prINSmmLj\/h6nuL6GhCjgImprX8+pZ4UtxN3EgASFyZmItlmAjzbVa5muBNlA1hqKUk3RfZKF99Z5fV56c\/\/WmbNrWsZ8tn2tNj4iX2Rax\/jiWDGAJzIIAgmUMv0oZJCfQJkhj18IJEURJbxvGV1JP8V199dWuDqkU\/oqCw++zp+Ic\/\/OGt5Rz73pYcdL8JCV93TWa69ETulx18vXwUyESGX8qwtDHqYeVIIGgCjldq2aZPkKQmXytX+fvNvX5vjO8P5fGd73znZpnH6ilh5pfEShlausgmLtconSIeunIbfU00iYMt+0VBoiiKr38u2jTpACBzCKyJAIJkTaApZncJpASHWmOTkibx+BRsk63SxadfI+EFgo9+5ASJLel8+9vfvrVs4Mn6fPS5D\/H7STsnBmJbfUTBlxMnxpKIQLSArsiJ0mqDbC5yoCiSlrdsGcnvrfEM4iZeK1OizpaoYr1yDGO0I0Zb4r4PCRGJzpQg8ffmxJ1EZay\/b+fujihqDoE0AQQJlgGBAgKaGHTZK5k2cfs9C7ah0+8nidEVCQHdq3z8ZOPFid9\/4kWPX6Lwe1p8eT4f1fveaeMAAAIESURBVNdEjCZuP5nF\/Rt+r0bcz5CaUFP7InyExvaz+Pr7JQ3VzRj6jap+X4dfBlJ6X8cYEfF7YzwDv0\/G79+wpRcTEaUMc2z88o\/tZ1He2nPil+ysDRJTFuHx+1rUTl+GRc2Ml29ngdmSBAI7RQBBslPdRWU3SaDrN0jiWxJ+z4B\/+8YvXcQ3ZvwTf+rtFz85+bdw\/H6Gridqe9PHJuHcWzrxDZ\/cZl6ro8pX3vY6cReL2H99v0GSY+dZxI2exkB7dFQ3CSVbNvNv9AxhmGPjl2zUx3p7yril2hCFo7ctE2hd0a5NjgPKhsBUBBAkU5ElXwhAYKMESt7i2WgFKRwCELhFAEGCQUAAArMkEKMQs2wkjYLAjAggSGbUmTQFAhCAAAQgsKsEECS72nPUGwIQgAAEIDAjAgiSGXUmTYEABCAAAQjsKgEEya72HPWGAAQgAAEIzIgAgmRGnUlTIAABCEAAArtKAEGyqz1HvSEAAQhAAAIzIoAgmVFn0hQIQAACEIDArhIYTZDsKgDqDQEIQAACEIDAdhA4Pj4uqsid65\/DvipKSSIIQAACEIAABCAwEQEEyURgyRYCEIAABCAAgXICCJJyVqSEAAQgAAEIQGAiAgiSicCSLQQgAAEIQAAC5QQQJOWsSAkBCEAAAhCAwEQEECQTgSVbCEAAAhCAAATKCfw\/D5zwXrQuHMwAAAAASUVORK5CYII=\" alt=\"\" \/><\/div>\n<p><!-- \/wp:heading --><\/p>\n<p><!-- wp:paragraph --><\/p>\n<p><!-- \/wp:paragraph --><\/p>\n<p>\u00a0<\/p><\/div>\n\t\t\t\t<\/div>\n\t\t\t\t<\/div>\n\t\t\t\t\t<\/div>\n\t\t<\/div>\n\t\t\t\t\t\t\t<\/div>\n\t\t<\/section>\n\t\t\t\t<section class=\"elementor-section elementor-top-section elementor-element elementor-element-a5f7f4e elementor-section-boxed elementor-section-height-default elementor-section-height-default\" data-id=\"a5f7f4e\" data-element_type=\"section\">\n\t\t\t\t\t\t<div class=\"elementor-container elementor-column-gap-default\">\n\t\t\t\t\t<div class=\"elementor-column elementor-col-100 elementor-top-column elementor-element elementor-element-244fc0a\" data-id=\"244fc0a\" data-element_type=\"column\">\n\t\t\t<div class=\"elementor-widget-wrap elementor-element-populated\">\n\t\t\t\t\t\t\t\t<div class=\"elementor-element elementor-element-d2bfc01 elementor-widget elementor-widget-text-editor\" data-id=\"d2bfc01\" data-element_type=\"widget\" data-widget_type=\"text-editor.default\">\n\t\t\t\t<div class=\"elementor-widget-container\">\n\t\t\t\t\t<div class=\"elementor-text-editor elementor-clearfix\"><\/div>\n\t\t\t\t<\/div>\n\t\t\t\t<\/div>\n\t\t\t\t<div class=\"elementor-element elementor-element-8080360 elementor-widget elementor-widget-text-editor\" data-id=\"8080360\" data-element_type=\"widget\" data-widget_type=\"text-editor.default\">\n\t\t\t\t<div class=\"elementor-widget-container\">\n\t\t\t\t\t<div class=\"elementor-text-editor elementor-clearfix\"><p>\u00a0<\/p>\n<p>\u00a0<\/p>\n<p>La direcci\u00f3n de la empresa encargada de los trabajos, en donde tambi\u00e9n podr\u00e1n realizar las consultas o dudas que estimen oportunas en:<\/p>\n<h2>Gihemar, S.A.<br \/>C\/ Cincel 4, Oficina 16<br \/>28522 Rivas-Vaciamadrid<br \/>Madrid<br \/>Email: oficina@gihemar.com<br \/>Tf.: 91 388 35 07<\/h2>\n<div>\u00a0<\/div>\n<p>\u00a0<\/p>\n<p><b>Con el fin de optimizar nuestro tiempo rogamos nos hagan llegar sus consultas mediante correo electr\u00f3nico.\u00a0<\/b><\/p>\n<p><b>Si desean una consulta directa, telef\u00f3nica o presencial en nuestras oficinas, puede hacerlo perfectamente, ind\u00edquenos por e-mail esta circunstancia y nos pondremos en contacto con usted.<\/b><\/p>\n<p><b>Tambi\u00e9n les agradecer\u00edamos que hagan part\u00edcipes de esta iniciativa a sus amigos y familiares, por si todav\u00eda no tuviesen conocimiento de la misma.<\/b><\/p>\n<div>\u00a0<\/div>\n<p>\u00a0<\/p><\/div>\n\t\t\t\t<\/div>\n\t\t\t\t<\/div>\n\t\t\t\t<div class=\"elementor-element elementor-element-9f72e93 elementor-widget elementor-widget-text-editor\" data-id=\"9f72e93\" data-element_type=\"widget\" data-widget_type=\"text-editor.default\">\n\t\t\t\t<div class=\"elementor-widget-container\">\n\t\t\t\t\t<div class=\"elementor-text-editor elementor-clearfix\"><p><!-- wp:heading --><\/p>\n<p>\u00a0<\/p>\n<hr \/>\n<h2>IMPRESOS :<\/h2>\n<div><a style=\"font-size: 16px; font-style: normal; font-weight: 400; background-color: #ffffff;\" href=\"https:\/\/gihemar.com\/temp\/HOJA_impreso_DE_SOLICITUD.doc\">Impreso general de solicitud.<\/a><\/div>\n<div><a href=\"https:\/\/gihemar.com\/temp\/HOJA_impreso_proindiviso_DE_SOLICITUD.doc\">Impreso Proindivisos.<\/a><\/div>\n<div>\u00a0<a href=\"https:\/\/gihemar.com\/pdf\/concentracion\/CANALES DEL DUCADO\/peticion_lote.pdf\" target=\"_blank\" rel=\"noopener\">Hoja de petici\u00f3n de lote<\/a><\/div>\n<div>\u00a0 \u00a0 \u00a0 \u00a0 \u00a0 \u00a0 \u00a0 \u00a0 \u00a0 \u00a0 \u00a0 \u00a0 \u00a0 \u00a0 \u00a0 \u00a0 \u00a0 \u00a0 \u00a0 \u00a0 \u00a0 \u00a0 \u00a0 \u00a0 \u00a0 \u00a0 \u00a0 \u00a0 \u00a0 \u00a0 \u00a0 \u00a0 \u00a0 \u00a0 \u00a0 \u00a0 \u00a0 \u00a0 \u00a0 <\/div>\n<div>\u00a0<\/div>\n<p><!-- \/wp:heading --><\/p>\n<p><!-- wp:paragraph --><\/p>\n<p><!-- \/wp:paragraph --><\/p><\/div>\n\t\t\t\t<\/div>\n\t\t\t\t<\/div>\n\t\t\t\t\t<\/div>\n\t\t<\/div>\n\t\t\t\t\t\t\t<\/div>\n\t\t<\/section>\n\t\t\t\t\t\t<\/div>\n\t\t\t\t\t<\/div>\n\t\t","protected":false},"excerpt":{"rendered":"<p>AUTORIZACI\u00d3N DE LA CONCENTRACI\u00d3N \u00a0 Se pone en conocimiento de todos los interesados que la Direcci\u00f3n General de Desarrollo Rural de la Consejer\u00eda de Agricultura, Ganader\u00eda y Desarrollo Rural de la Junta de Comunidades de Castilla-La Mancha ha dictado Resoluci\u00f3n de fecha 30 de abril de 2024, por la que se autoriza el inicio del [&hellip;]<\/p>\n","protected":false},"author":2,"featured_media":0,"parent":0,"menu_order":0,"comment_status":"closed","ping_status":"closed","template":"","meta":{"footnotes":""},"class_list":["post-553","page","type-page","status-publish","hentry"],"_links":{"self":[{"href":"https:\/\/www.gihemar.com\/web3\/index.php\/wp-json\/wp\/v2\/pages\/553","targetHints":{"allow":["GET"]}}],"collection":[{"href":"https:\/\/www.gihemar.com\/web3\/index.php\/wp-json\/wp\/v2\/pages"}],"about":[{"href":"https:\/\/www.gihemar.com\/web3\/index.php\/wp-json\/wp\/v2\/types\/page"}],"author":[{"embeddable":true,"href":"https:\/\/www.gihemar.com\/web3\/index.php\/wp-json\/wp\/v2\/users\/2"}],"replies":[{"embeddable":true,"href":"https:\/\/www.gihemar.com\/web3\/index.php\/wp-json\/wp\/v2\/comments?post=553"}],"version-history":[{"count":52,"href":"https:\/\/www.gihemar.com\/web3\/index.php\/wp-json\/wp\/v2\/pages\/553\/revisions"}],"predecessor-version":[{"id":874,"href":"https:\/\/www.gihemar.com\/web3\/index.php\/wp-json\/wp\/v2\/pages\/553\/revisions\/874"}],"wp:attachment":[{"href":"https:\/\/www.gihemar.com\/web3\/index.php\/wp-json\/wp\/v2\/media?parent=553"}],"curies":[{"name":"wp","href":"https:\/\/api.w.org\/{rel}","templated":true}]}}