{"id":700,"date":"2023-03-13T12:05:09","date_gmt":"2023-03-13T12:05:09","guid":{"rendered":"https:\/\/www.gihemar.com\/web3\/?page_id=700"},"modified":"2025-07-09T15:31:20","modified_gmt":"2025-07-09T15:31:20","slug":"el-ordial","status":"publish","type":"page","link":"https:\/\/www.gihemar.com\/web3\/index.php\/el-ordial\/","title":{"rendered":"El Ordial"},"content":{"rendered":"\t\t<div data-elementor-type=\"wp-page\" data-elementor-id=\"700\" class=\"elementor elementor-700\" data-elementor-settings=\"[]\">\n\t\t\t\t\t\t\t<div class=\"elementor-section-wrap\">\n\t\t\t\t\t\t\t<section class=\"elementor-section elementor-top-section elementor-element elementor-element-8840b85 elementor-section-boxed elementor-section-height-default elementor-section-height-default\" data-id=\"8840b85\" data-element_type=\"section\">\n\t\t\t\t\t\t<div class=\"elementor-container elementor-column-gap-default\">\n\t\t\t\t\t<div class=\"elementor-column elementor-col-100 elementor-top-column elementor-element elementor-element-e36bb99\" data-id=\"e36bb99\" data-element_type=\"column\">\n\t\t\t<div class=\"elementor-widget-wrap elementor-element-populated\">\n\t\t\t\t\t\t\t\t<div class=\"elementor-element elementor-element-aa182b0 elementor-widget elementor-widget-text-editor\" data-id=\"aa182b0\" data-element_type=\"widget\" data-widget_type=\"text-editor.default\">\n\t\t\t\t<div class=\"elementor-widget-container\">\n\t\t\t\t\t<div class=\"elementor-text-editor elementor-clearfix\"><p><strong>\u00a0<\/strong><\/p>\n<p><!-- \/wp:paragraph --><\/p>\n<p><!-- wp:paragraph {\"align\":\"center\"} --><\/p>\n<h1 style=\"text-align: center;\"><strong>PLANOS DISTRIBUCI\u00d3N PROVISIONAL DE LAS NUEVAS FINCAS<\/strong><\/h1>\n<p>\u00a0<\/p>\n<p>\u00a0<\/p>\n<h4><u><b>PLANOS<\/b><\/u><\/h4>\n<h4>\u00a0<\/h4>\n<h4><a href=\"https:\/\/gihemar.com\/pdf\/concentracion\/EL ORDIAL\/P-101_Provisional.pdf\" target=\"_blank\" rel=\"noopener\">POLIGONO 101<\/a>\u00a0\u00a0\u00a0\u00a0\u00a0\u00a0\u00a0\u00a0\u00a0\u00a0\u00a0\u00a0\u00a0 <a href=\"https:\/\/gihemar.com\/pdf\/concentracion\/EL ORDIAL\/P-102_Provisional.pdf\">POLIGONO 102 <\/a>\u00a0\u00a0\u00a0\u00a0\u00a0\u00a0\u00a0\u00a0\u00a0<\/h4>\n<p><!-- \/wp:paragraph --><\/p>\n<p><!-- wp:paragraph --><\/p>\n<p><!-- \/wp:paragraph --><\/p>\n<p><!-- wp:paragraph --><\/p>\n<p>\u00a0<\/p>\n<p>\u00a0<\/p>\n<p>\u00a0<\/p>\n<p><!-- \/wp:paragraph --><\/p>\n<p><!-- wp:paragraph --><\/p>\n<p style=\"text-align: center;\"><strong><em>\u00a0EL PLAZO L\u00cdMITE PARA LA ENTREGA DE LAS FICHAS DE ATRIBUCIONES FIRMADAS ES EL 25 DE AGOSTO DE 2025<\/em><\/strong><\/p>\n<hr \/>\n<p><strong><em>\u00a0<\/em><\/strong><\/p>\n<p><strong><em>\u00a0<\/em><\/strong><\/p>\n<p><strong><em>La direcci\u00f3n de la empresa encargada de los trabajos, en donde tambi\u00e9n podr\u00e1n realizar las consultas o dudas que estimen oportunas en:<\/em><\/strong><\/p>\n<p><!-- \/wp:paragraph --><\/p>\n<p><!-- wp:paragraph {\"align\":\"center\"} --><\/p>\n<p style=\"text-align: center;\"><em>Gihemar, S.A.<\/em><\/p>\n<p style=\"text-align: center;\"><!-- \/wp:paragraph --><\/p>\n<p style=\"text-align: center;\"><!-- wp:paragraph {\"align\":\"center\"} --><\/p>\n<p style=\"text-align: center;\"><em>C\/ Cincel 4, Oficina 16<\/em><\/p>\n<p style=\"text-align: center;\"><!-- \/wp:paragraph --><\/p>\n<p style=\"text-align: center;\"><!-- wp:paragraph {\"align\":\"center\"} --><\/p>\n<p style=\"text-align: center;\"><em>28522 Rivas-Vaciamadrid<\/em><\/p>\n<p style=\"text-align: center;\"><!-- \/wp:paragraph --><\/p>\n<p style=\"text-align: center;\"><!-- wp:paragraph {\"align\":\"center\"} --><\/p>\n<p style=\"text-align: center;\"><em>Madrid<\/em><\/p>\n<p style=\"text-align: center;\"><!-- \/wp:paragraph --><\/p>\n<p style=\"text-align: center;\"><!-- wp:paragraph {\"align\":\"center\"} --><\/p>\n<p style=\"text-align: center;\"><em>Email: oficina@gihemar.com<\/em><\/p>\n<p style=\"text-align: center;\"><!-- \/wp:paragraph --><\/p>\n<p style=\"text-align: center;\"><!-- wp:paragraph {\"align\":\"center\"} --><\/p>\n<p style=\"text-align: center;\"><em>Tf.: 91 388 35 07<\/em><\/p>\n<p><!-- \/wp:paragraph --><\/p>\n<p><!-- wp:paragraph --><\/p>\n<p>\u00a0<\/p>\n<div style=\"margin: 0px; padding: 0px; box-sizing: border-box; border: 0px; font-size: 16px; font-style: normal; font-weight: 400; outline: 0px; vertical-align: baseline; color: #7a7a7a; font-family: Roboto, sans-serif; font-variant-ligatures: normal; font-variant-caps: normal; letter-spacing: normal; orphans: 2; text-align: start; text-indent: 0px; text-transform: none; white-space: normal; widows: 2; word-spacing: 0px; -webkit-text-stroke-width: 0px; background-color: #ffffff; text-decoration-thickness: initial; text-decoration-style: initial; text-decoration-color: initial;\"><hr \/><\/div>\n<div style=\"margin: 0px; padding: 0px; box-sizing: border-box; border: 0px; font-size: 16px; font-style: normal; font-weight: 400; outline: 0px; vertical-align: baseline; color: #7a7a7a; font-family: Roboto, sans-serif; font-variant-ligatures: normal; font-variant-caps: normal; letter-spacing: normal; orphans: 2; text-align: start; text-indent: 0px; text-transform: none; white-space: normal; widows: 2; word-spacing: 0px; -webkit-text-stroke-width: 0px; background-color: #ffffff; text-decoration-thickness: initial; text-decoration-style: initial; text-decoration-color: initial;\">\u00a0<\/div>\n<p>\u00a0<\/p>\n<p><!-- \/wp:paragraph --><\/p><\/div>\n\t\t\t\t<\/div>\n\t\t\t\t<\/div>\n\t\t\t\t<div class=\"elementor-element elementor-element-cbb5e03 elementor-widget elementor-widget-text-editor\" data-id=\"cbb5e03\" data-element_type=\"widget\" data-widget_type=\"text-editor.default\">\n\t\t\t\t<div class=\"elementor-widget-container\">\n\t\t\t\t\t<div class=\"elementor-text-editor elementor-clearfix\"><h1><strong>\u00a0<\/strong><\/h1>\n<p><!-- \/wp:paragraph --><\/p>\n<p><!-- wp:paragraph {\"align\":\"center\"} --><\/p>\n<h1 style=\"text-align: center;\"><strong>PLANOS CLASIFICACI\u00d3N<br \/><\/strong><\/h1>\n<p>\u00a0<\/p>\n<p>El T\u00e9rmino Municipal de El Ordial se ha clasificado con una clase \u00fanica.<\/p>\n<p>\u00a0<\/p>\n<div><u><b>PLANOS<\/b><\/u><\/div>\n<p>\u00a0<\/p>\n<p><a href=\"https:\/\/gihemar.com\/pdf\/concentracion\/EL ORDIAL\/CLASIFICACION\/POLIGONO 1.pdf\">POLIGONO 1<\/a>\u00a0\u00a0\u00a0\u00a0\u00a0\u00a0\u00a0\u00a0\u00a0\u00a0\u00a0\u00a0\u00a0 <a href=\"https:\/\/gihemar.com\/pdf\/concentracion\/EL ORDIAL\/CLASIFICACION\/POLIGONO 2.pdf\" target=\"_blank\" rel=\"noopener\">POLIGONO 2<\/a> \u00a0\u00a0\u00a0\u00a0\u00a0\u00a0\u00a0\u00a0\u00a0 <a href=\"https:\/\/gihemar.com\/pdf\/concentracion\/EL ORDIAL\/CLASIFICACION\/POLIGONO 3.pdf\" target=\"_blank\" rel=\"noopener\">POLIGONO 3 <\/a>\u00a0\u00a0\u00a0\u00a0\u00a0\u00a0\u00a0\u00a0 <a href=\"https:\/\/gihemar.com\/pdf\/concentracion\/EL ORDIAL\/CLASIFICACION\/POLIGONO 4.pdf\" target=\"_blank\" rel=\"noopener\">POLIGONO 4<\/a> \u00a0\u00a0\u00a0\u00a0\u00a0\u00a0\u00a0 <a href=\"https:\/\/gihemar.com\/pdf\/concentracion\/EL ORDIAL\/CLASIFICACION\/POLIGONO 5.pdf\" target=\"_blank\" rel=\"noopener\">POLIGONO 5<\/a><\/p>\n<p><a href=\"https:\/\/gihemar.com\/pdf\/concentracion\/EL ORDIAL\/CLASIFICACION\/POLIGONO 6.pdf\" target=\"_blank\" rel=\"noopener\">POLIGONO 6<\/a><a href=\"https:\/\/gihemar.com\/pdf\/concentracion\/CANALES DEL DUCADO\/CLASIFICACION\/POLIGONO 6.pdf\" target=\"_blank\" rel=\"noopener\">\u00a0<\/a>\u00a0\u00a0\u00a0\u00a0\u00a0\u00a0\u00a0\u00a0\u00a0\u00a0\u00a0\u00a0\u00a0 <a href=\"https:\/\/gihemar.com\/pdf\/concentracion\/EL ORDIAL\/CLASIFICACION\/POLIGONO 7.pdf\">POLIGONO 7 <\/a>\u00a0\u00a0\u00a0\u00a0\u00a0\u00a0\u00a0\u00a0\u00a0\u00a0\u00a0\u00a0<a href=\"https:\/\/gihemar.com\/pdf\/concentracion\/EL ORDIAL\/CLASIFICACION\/POLIGONO 8.pdf\">POLIGONO 8 <\/a>\u00a0\u00a0\u00a0\u00a0\u00a0\u00a0\u00a0\u00a0 <a href=\"https:\/\/gihemar.com\/pdf\/concentracion\/EL ORDIAL\/CLASIFICACION\/POLIGONO 9.pdf\" target=\"_blank\" rel=\"noopener\">POLIGONO 9<\/a> \u00a0\u00a0\u00a0\u00a0\u00a0\u00a0\u00a0 <a href=\"https:\/\/gihemar.com\/pdf\/concentracion\/EL ORDIAL\/CLASIFICACION\/POLIGONO 10.pdf\" target=\"_blank\" rel=\"noopener\">POLIGONO 10<\/a><\/p>\n<p>\u00a0<\/p>\n<p><!-- \/wp:paragraph --><\/p>\n<p><!-- wp:paragraph --><\/p>\n<p>\u00a0<\/p>\n<p><!-- \/wp:paragraph --><\/p>\n<p><!-- wp:paragraph --><\/p>\n<p><!-- \/wp:paragraph --><\/p>\n<p><!-- wp:paragraph --><\/p>\n<p>\u00a0<\/p>\n<p style=\"text-align: center;\">\u00a0<\/p>\n<p><!-- \/wp:paragraph --><\/p>\n<p><!-- wp:paragraph --><\/p>\n<p>\u00a0<\/p>\n<p>\u00a0<\/p>\n<p style=\"text-align: center;\"><span style=\"color: #ff0000;\">\u00a0<\/span><\/p>\n<hr style=\"margin: 0px; padding: 0px; box-sizing: border-box; height: 0px; overflow: visible; background-color: #ffffff; color: #7a7a7a; font-family: Roboto, sans-serif; font-size: 16px; font-style: normal; font-variant-ligatures: normal; font-variant-caps: normal; font-weight: 400; letter-spacing: normal; orphans: 2; text-align: start; text-indent: 0px; text-transform: none; white-space: normal; widows: 2; word-spacing: 0px; -webkit-text-stroke-width: 0px; text-decoration-thickness: initial; text-decoration-style: initial; text-decoration-color: initial;\" \/>\n<p>\u00a0<\/p>\n<p>\u00a0<\/p>\n<p><!-- \/wp:paragraph --><\/p><\/div>\n\t\t\t\t<\/div>\n\t\t\t\t<\/div>\n\t\t\t\t\t<\/div>\n\t\t<\/div>\n\t\t\t\t\t\t\t<\/div>\n\t\t<\/section>\n\t\t\t\t<section class=\"elementor-section elementor-top-section elementor-element elementor-element-2ffbcc70 elementor-section-boxed elementor-section-height-default elementor-section-height-default\" data-id=\"2ffbcc70\" data-element_type=\"section\">\n\t\t\t\t\t\t<div class=\"elementor-container elementor-column-gap-default\">\n\t\t\t\t\t<div class=\"elementor-column elementor-col-100 elementor-top-column elementor-element elementor-element-3169ad75\" data-id=\"3169ad75\" data-element_type=\"column\">\n\t\t\t<div class=\"elementor-widget-wrap elementor-element-populated\">\n\t\t\t\t\t\t\t\t<div class=\"elementor-element elementor-element-6f25d60e elementor-widget elementor-widget-text-editor\" data-id=\"6f25d60e\" data-element_type=\"widget\" data-widget_type=\"text-editor.default\">\n\t\t\t\t<div class=\"elementor-widget-container\">\n\t\t\t\t\t<div class=\"elementor-text-editor elementor-clearfix\"><p><!-- wp:paragraph {\"align\":\"center\"} --><\/p>\n<p style=\"text-align: center;\"><strong>AUTORIZACI\u00d3N DE LA CONCENTRACI\u00d3N<br \/><\/strong><\/p>\n<p>\u00a0<\/p>\n<p>Se pone en conocimiento de todos los interesados que la Direcci\u00f3n General de Desarrollo Rural de la Consejer\u00eda de Agricultura, Ganader\u00eda y Desarrollo Rural de la Junta de Comunidades de Castilla-La Mancha ha dictado Resoluci\u00f3n de fecha 24 de mayo de 2024, por la que se autoriza el inicio del proceso de Concentraci\u00f3n Parcelaria de car\u00e1cter privado de la zona de El Ordial, t\u00e9rmino municipal de El Ordial (Guadalajara).<\/p>\n<p style=\"text-align: center;\"><!-- \/wp:paragraph --><\/p>\n<p style=\"text-align: center;\"><!-- wp:paragraph {\"align\":\"center\"} --><\/p>\n<p>Mediante anuncio de 03\/06\/2024, de la Delegaci\u00f3n Provincial de Agricultura, Ganader\u00eda y Desarrollo Rural de Guadalajara, por el que se publica la Resoluci\u00f3n de 24\/05\/2024, de la Direcci\u00f3n General de Desarrollo Rural, por la que se autoriza el inicio del proceso de concentraci\u00f3n parcelaria de car\u00e1cter privado de la zona de El Ordial, t\u00e9rmino municipal de El Ordial (Guadalajara).<\/p>\n<p><a href=\"https:\/\/gihemar.com\/pdf\/concentracion\/EL ORDIAL\/1_1_DOCM Anuncio Resolucion inicio proceso concebtracion.pdf\" target=\"_blank\" rel=\"noopener\">DOCM N\u00ba 110 DE 10 JUNIO DE 2024<\/a><\/p>\n<p><a href=\"https:\/\/gihemar.com\/pdf\/concentracion\/EL ORDIAL\/PLANO N\u00ba2_Per\u00edmetroConcentracion.pdf\" target=\"_blank\" rel=\"noopener\">PERIMETRO DE CONCENTRACION<\/a><\/p>\n<p style=\"text-align: center;\"><span style=\"color: #ff0000;\">\u00a0<\/span><\/p>\n<p>\u00a0<\/p>\n<hr style=\"margin: 0px; padding: 0px; box-sizing: border-box; height: 0px; overflow: visible; background-color: #ffffff; color: #7a7a7a; font-family: Roboto, sans-serif; font-size: 16px; font-style: normal; font-variant-ligatures: normal; font-variant-caps: normal; font-weight: 400; letter-spacing: normal; orphans: 2; text-align: start; text-indent: 0px; text-transform: none; white-space: normal; widows: 2; word-spacing: 0px; -webkit-text-stroke-width: 0px; text-decoration-thickness: initial; text-decoration-style: initial; text-decoration-color: initial;\" \/>\n<p>\u00a0<\/p>\n<p><!-- \/wp:paragraph --><\/p><\/div>\n\t\t\t\t<\/div>\n\t\t\t\t<\/div>\n\t\t\t\t\t<\/div>\n\t\t<\/div>\n\t\t\t\t\t\t\t<\/div>\n\t\t<\/section>\n\t\t\t\t\t\t<\/div>\n\t\t\t\t\t<\/div>\n\t\t","protected":false},"excerpt":{"rendered":"<p>\u00a0 PLANOS DISTRIBUCI\u00d3N PROVISIONAL DE LAS NUEVAS FINCAS \u00a0 \u00a0 PLANOS \u00a0 POLIGONO 101\u00a0\u00a0\u00a0\u00a0\u00a0\u00a0\u00a0\u00a0\u00a0\u00a0\u00a0\u00a0\u00a0 POLIGONO 102 \u00a0\u00a0\u00a0\u00a0\u00a0\u00a0\u00a0\u00a0\u00a0 \u00a0 \u00a0 \u00a0 \u00a0EL PLAZO L\u00cdMITE PARA LA ENTREGA DE LAS FICHAS DE ATRIBUCIONES FIRMADAS ES EL 25 DE AGOSTO DE 2025 \u00a0 \u00a0 La direcci\u00f3n de la empresa encargada de los trabajos, en donde tambi\u00e9n podr\u00e1n realizar [&hellip;]<\/p>\n","protected":false},"author":2,"featured_media":0,"parent":0,"menu_order":0,"comment_status":"closed","ping_status":"closed","template":"","meta":{"footnotes":""},"class_list":["post-700","page","type-page","status-publish","hentry"],"_links":{"self":[{"href":"https:\/\/www.gihemar.com\/web3\/index.php\/wp-json\/wp\/v2\/pages\/700","targetHints":{"allow":["GET"]}}],"collection":[{"href":"https:\/\/www.gihemar.com\/web3\/index.php\/wp-json\/wp\/v2\/pages"}],"about":[{"href":"https:\/\/www.gihemar.com\/web3\/index.php\/wp-json\/wp\/v2\/types\/page"}],"author":[{"embeddable":true,"href":"https:\/\/www.gihemar.com\/web3\/index.php\/wp-json\/wp\/v2\/users\/2"}],"replies":[{"embeddable":true,"href":"https:\/\/www.gihemar.com\/web3\/index.php\/wp-json\/wp\/v2\/comments?post=700"}],"version-history":[{"count":40,"href":"https:\/\/www.gihemar.com\/web3\/index.php\/wp-json\/wp\/v2\/pages\/700\/revisions"}],"predecessor-version":[{"id":894,"href":"https:\/\/www.gihemar.com\/web3\/index.php\/wp-json\/wp\/v2\/pages\/700\/revisions\/894"}],"wp:attachment":[{"href":"https:\/\/www.gihemar.com\/web3\/index.php\/wp-json\/wp\/v2\/media?parent=700"}],"curies":[{"name":"wp","href":"https:\/\/api.w.org\/{rel}","templated":true}]}}